{"id":45,"date":"2025-04-21T21:08:15","date_gmt":"2025-04-21T19:08:15","guid":{"rendered":"https:\/\/willa-polanica.pl\/\/?page_id=45"},"modified":"2025-07-14T15:37:36","modified_gmt":"2025-07-14T13:37:36","slug":"pokoj-1-villa-polanica-komfortowy-nocleg-w-polanicy-zdroju","status":"publish","type":"page","link":"https:\/\/willa-polanica.pl\/index.php\/pokoj-1-villa-polanica-komfortowy-nocleg-w-polanicy-zdroju\/","title":{"rendered":"Pok\u00f3j 1"},"content":{"rendered":"\n<h2 class=\"wp-block-heading\">Przestronny pok\u00f3j nr 1<\/h2>\n\n\n\n<h2 class=\"wp-block-heading\"><\/h2>\n\n\n\n<p><strong>Pok\u00f3j w Willa Polanica<\/strong> to elegancka przestrze\u0144 zaprojektowana z my\u015bl\u0105 o komforcie os\u00f3b podr\u00f3\u017cuj\u0105cych  \u2014 zar\u00f3wno turyst\u00f3w, jak i go\u015bci biznesowych.  W pokoju znajduje si\u0119 <strong>stylowa, prywatna \u0142azienka z  prysznicem<\/strong>, zapewniaj\u0105ca pe\u0142en komfort i wygod\u0119 podczas pobytu. Starannie zaprojektowane wn\u0119trze umo\u017cliwia relaks po ca\u0142ym dniu zwiedzania Polanicy-Zdroju, a subtelne detale tworz\u0105 atmosfer\u0119 harmonii i elegancji.<\/p>\n\n\n\n<p>Ten pok\u00f3j to doskona\u0142y wyb\u00f3r dla os\u00f3b ceni\u0105cych sobie spok\u00f3j, wygod\u0119 i styl w sercu Polanicy-Zdroju.<\/p>\n\n\n\n<p>Udogodnienia dla go\u015bci i wyposa\u017cenie pokoi znajduje si\u0119 na stronie <a href=\"https:\/\/willa-polanica.pl\/index.php\/wazne-informacje-villa-polanica\/\" target=\"_blank\" rel=\"noreferrer noopener\">&#8222;Wa\u017cne informacje&#8221;<\/a><\/p>\n\n\n\n<h2 class=\"wp-block-heading\"><\/h2>\n\n\n\n<figure class=\"wp-block-image aligncenter size-large has-custom-border\" style=\"padding-top:var(--wp--preset--spacing--20);padding-right:var(--wp--preset--spacing--20);padding-bottom:var(--wp--preset--spacing--20);padding-left:var(--wp--preset--spacing--20)\"><img loading=\"lazy\" decoding=\"async\" width=\"1024\" height=\"768\" src=\"https:\/\/willa-polanica.pl\/\/wp-content\/uploads\/2025\/04\/IMG_1511-1-1024x768.jpg\" alt=\"Zarezerwuj elegancki pok\u00f3j  w Villa Polanica Pok\u00f3j 1 Villa Polanica | Komfortowy nocleg w Polanicy-Zdroju\" class=\"has-border-color has-border-color-border-color wp-image-46\" style=\"border-width:2px;border-radius:15px\" srcset=\"https:\/\/willa-polanica.pl\/wp-content\/uploads\/2025\/04\/IMG_1511-1-1024x768.jpg 1024w, https:\/\/willa-polanica.pl\/wp-content\/uploads\/2025\/04\/IMG_1511-1-300x225.jpg 300w, https:\/\/willa-polanica.pl\/wp-content\/uploads\/2025\/04\/IMG_1511-1-768x576.jpg 768w, https:\/\/willa-polanica.pl\/wp-content\/uploads\/2025\/04\/IMG_1511-1-1536x1152.jpg 1536w, https:\/\/willa-polanica.pl\/wp-content\/uploads\/2025\/04\/IMG_1511-1-2048x1536.jpg 2048w\" sizes=\"auto, (max-width: 1024px) 100vw, 1024px\" \/><\/figure>\n\n\n\n<figure class=\"wp-block-gallery has-nested-images columns-default is-cropped wp-block-gallery-1 is-layout-flex wp-block-gallery-is-layout-flex\">\n<figure class=\"wp-block-image aligncenter size-large has-custom-border\" style=\"padding-top:var(--wp--preset--spacing--20);padding-right:var(--wp--preset--spacing--20);padding-bottom:var(--wp--preset--spacing--20);padding-left:var(--wp--preset--spacing--20)\"><img loading=\"lazy\" decoding=\"async\" width=\"1024\" height=\"768\" data-id=\"47\" src=\"https:\/\/willa-polanica.pl\/\/wp-content\/uploads\/2025\/04\/IMG_1512-1-1024x768.jpg\" alt=\"Zarezerwuj elegancki pok\u00f3j  w Villa Polanica Pok\u00f3j 1 Villa Polanica | Komfortowy nocleg w Polanicy-Zdroju\" class=\"has-border-color has-border-color-border-color wp-image-47\" style=\"border-width:2px;border-radius:15px\" srcset=\"https:\/\/willa-polanica.pl\/wp-content\/uploads\/2025\/04\/IMG_1512-1-1024x768.jpg 1024w, https:\/\/willa-polanica.pl\/wp-content\/uploads\/2025\/04\/IMG_1512-1-300x225.jpg 300w, https:\/\/willa-polanica.pl\/wp-content\/uploads\/2025\/04\/IMG_1512-1-768x576.jpg 768w, https:\/\/willa-polanica.pl\/wp-content\/uploads\/2025\/04\/IMG_1512-1-1536x1152.jpg 1536w, https:\/\/willa-polanica.pl\/wp-content\/uploads\/2025\/04\/IMG_1512-1-2048x1536.jpg 2048w\" sizes=\"auto, (max-width: 1024px) 100vw, 1024px\" \/><\/figure>\n\n\n\n<figure class=\"wp-block-image aligncenter size-large has-custom-border\" style=\"padding-top:var(--wp--preset--spacing--20);padding-right:var(--wp--preset--spacing--20);padding-bottom:var(--wp--preset--spacing--20);padding-left:var(--wp--preset--spacing--20)\"><img loading=\"lazy\" decoding=\"async\" width=\"1024\" height=\"768\" data-id=\"49\" src=\"https:\/\/willa-polanica.pl\/\/wp-content\/uploads\/2025\/04\/IMG_4303-1-1024x768.jpg\" alt=\"Zarezerwuj elegancki pok\u00f3j  w Willa Polanica\" class=\"has-border-color has-border-color-border-color wp-image-49\" style=\"border-width:2px;border-radius:15px\" srcset=\"https:\/\/willa-polanica.pl\/wp-content\/uploads\/2025\/04\/IMG_4303-1-1024x768.jpg 1024w, https:\/\/willa-polanica.pl\/wp-content\/uploads\/2025\/04\/IMG_4303-1-300x225.jpg 300w, https:\/\/willa-polanica.pl\/wp-content\/uploads\/2025\/04\/IMG_4303-1-768x576.jpg 768w, https:\/\/willa-polanica.pl\/wp-content\/uploads\/2025\/04\/IMG_4303-1-1536x1152.jpg 1536w, https:\/\/willa-polanica.pl\/wp-content\/uploads\/2025\/04\/IMG_4303-1-2048x1536.jpg 2048w\" sizes=\"auto, (max-width: 1024px) 100vw, 1024px\" \/><\/figure>\n\n\n\n<figure class=\"wp-block-image aligncenter size-large has-custom-border\" style=\"padding-top:var(--wp--preset--spacing--20);padding-right:var(--wp--preset--spacing--20);padding-bottom:var(--wp--preset--spacing--20);padding-left:var(--wp--preset--spacing--20)\"><img loading=\"lazy\" decoding=\"async\" width=\"1024\" height=\"768\" data-id=\"48\" src=\"https:\/\/willa-polanica.pl\/\/wp-content\/uploads\/2025\/04\/IMG_1522-1-1024x768.jpg\" alt=\"Zarezerwuj elegancki pok\u00f3j  w Villa Polanica Willa\" class=\"has-border-color has-border-color-border-color wp-image-48\" style=\"border-width:2px;border-radius:15px\" srcset=\"https:\/\/willa-polanica.pl\/wp-content\/uploads\/2025\/04\/IMG_1522-1-1024x768.jpg 1024w, https:\/\/willa-polanica.pl\/wp-content\/uploads\/2025\/04\/IMG_1522-1-300x225.jpg 300w, https:\/\/willa-polanica.pl\/wp-content\/uploads\/2025\/04\/IMG_1522-1-768x576.jpg 768w, https:\/\/willa-polanica.pl\/wp-content\/uploads\/2025\/04\/IMG_1522-1-1536x1152.jpg 1536w, https:\/\/willa-polanica.pl\/wp-content\/uploads\/2025\/04\/IMG_1522-1-2048x1536.jpg 2048w\" sizes=\"auto, (max-width: 1024px) 100vw, 1024px\" \/><\/figure>\n\n\n\n<figure class=\"wp-block-image aligncenter size-large has-custom-border\" style=\"padding-top:var(--wp--preset--spacing--20);padding-right:var(--wp--preset--spacing--20);padding-bottom:var(--wp--preset--spacing--20);padding-left:var(--wp--preset--spacing--20)\"><img loading=\"lazy\" decoding=\"async\" width=\"768\" height=\"1024\" data-id=\"52\" src=\"https:\/\/willa-polanica.pl\/\/wp-content\/uploads\/2025\/04\/IMG_4341-1-768x1024.jpg\" alt=\"Pok\u00f3j 1 Villa Polanica | Komfortowy nocleg w Polanicy-Zdroju\" class=\"has-border-color has-border-color-border-color wp-image-52\" style=\"border-width:2px;border-radius:15px\" srcset=\"https:\/\/willa-polanica.pl\/wp-content\/uploads\/2025\/04\/IMG_4341-1-768x1024.jpg 768w, https:\/\/willa-polanica.pl\/wp-content\/uploads\/2025\/04\/IMG_4341-1-225x300.jpg 225w, https:\/\/willa-polanica.pl\/wp-content\/uploads\/2025\/04\/IMG_4341-1-1152x1536.jpg 1152w, https:\/\/willa-polanica.pl\/wp-content\/uploads\/2025\/04\/IMG_4341-1-1536x2048.jpg 1536w, https:\/\/willa-polanica.pl\/wp-content\/uploads\/2025\/04\/IMG_4341-1-scaled.jpg 1920w\" sizes=\"auto, (max-width: 768px) 100vw, 768px\" \/><\/figure>\n\n\n\n<figure class=\"wp-block-image aligncenter size-full has-custom-border\" style=\"padding-top:var(--wp--preset--spacing--20);padding-right:var(--wp--preset--spacing--20);padding-bottom:var(--wp--preset--spacing--20);padding-left:var(--wp--preset--spacing--20)\"><img loading=\"lazy\" decoding=\"async\" width=\"2560\" height=\"1920\" data-id=\"51\" src=\"https:\/\/willa-polanica.pl\/wp-content\/uploads\/2025\/04\/IMG_1514-1-scaled.jpg\" alt=\"Zarezerwuj elegancki pok\u00f3j  w Villa Polanica\" class=\"has-border-color has-border-color-border-color wp-image-51\" style=\"border-width:2px;border-radius:15px\" srcset=\"https:\/\/willa-polanica.pl\/wp-content\/uploads\/2025\/04\/IMG_1514-1-scaled.jpg 2560w, https:\/\/willa-polanica.pl\/wp-content\/uploads\/2025\/04\/IMG_1514-1-300x225.jpg 300w, https:\/\/willa-polanica.pl\/wp-content\/uploads\/2025\/04\/IMG_1514-1-1024x768.jpg 1024w, https:\/\/willa-polanica.pl\/wp-content\/uploads\/2025\/04\/IMG_1514-1-768x576.jpg 768w, https:\/\/willa-polanica.pl\/wp-content\/uploads\/2025\/04\/IMG_1514-1-1536x1152.jpg 1536w, https:\/\/willa-polanica.pl\/wp-content\/uploads\/2025\/04\/IMG_1514-1-2048x1536.jpg 2048w\" sizes=\"auto, (max-width: 2560px) 100vw, 2560px\" \/><\/figure>\n<\/figure>\n\n\n\n<p><\/p>\n","protected":false},"excerpt":{"rendered":"<p>Przestronny pok\u00f3j nr 1 Pok\u00f3j w Willa Polanica to elegancka przestrze\u0144 zaprojektowana z my\u015bl\u0105 o komforcie os\u00f3b podr\u00f3\u017cuj\u0105cych \u2014 zar\u00f3wno turyst\u00f3w, jak i go\u015bci biznesowych. W pokoju znajduje si\u0119 stylowa, prywatna \u0142azienka z prysznicem, zapewniaj\u0105ca pe\u0142en komfort i wygod\u0119 podczas pobytu. Starannie zaprojektowane wn\u0119trze umo\u017cliwia relaks po ca\u0142ym dniu zwiedzania Polanicy-Zdroju, a subtelne detale tworz\u0105 [&hellip;]<\/p>\n","protected":false},"author":1,"featured_media":39,"parent":0,"menu_order":0,"comment_status":"closed","ping_status":"closed","template":"","meta":{"footnotes":""},"class_list":["post-45","page","type-page","status-publish","has-post-thumbnail","hentry"],"yoast_head":"<!-- This site is optimized with the Yoast SEO plugin v25.4 - https:\/\/yoast.com\/wordpress\/plugins\/seo\/ -->\n<title>Pok\u00f3j 1 - Willa Polanica<\/title>\n<meta name=\"description\" content=\"Zarezerwuj elegancki pok\u00f3j w Villa Polanica. Komfort, cisza i doskona\u0142a lokalizacja w Polanicy-Zdroju. Idealny wyb\u00f3r dla ka\u017cdego.\" \/>\n<meta name=\"robots\" content=\"index, follow, max-snippet:-1, max-image-preview:large, max-video-preview:-1\" \/>\n<link rel=\"canonical\" href=\"https:\/\/willa-polanica.pl\/index.php\/pokoj-1-villa-polanica-komfortowy-nocleg-w-polanicy-zdroju\/\" \/>\n<meta property=\"og:locale\" content=\"pl_PL\" \/>\n<meta property=\"og:type\" content=\"article\" \/>\n<meta property=\"og:title\" content=\"Pok\u00f3j 1 - Willa Polanica\" \/>\n<meta property=\"og:description\" content=\"Zarezerwuj elegancki pok\u00f3j w Villa Polanica. Komfort, cisza i doskona\u0142a lokalizacja w Polanicy-Zdroju. Idealny wyb\u00f3r dla ka\u017cdego.\" \/>\n<meta property=\"og:url\" content=\"https:\/\/willa-polanica.pl\/index.php\/pokoj-1-villa-polanica-komfortowy-nocleg-w-polanicy-zdroju\/\" \/>\n<meta property=\"og:site_name\" content=\"Willa Polanica\" \/>\n<meta property=\"article:publisher\" content=\"https:\/\/www.facebook.com\/profile.php?id=61577378618566\" \/>\n<meta property=\"article:modified_time\" content=\"2025-07-14T13:37:36+00:00\" \/>\n<meta property=\"og:image\" content=\"https:\/\/willa-polanica.pl\/wp-content\/uploads\/2025\/04\/IMG_1573-scaled.jpg\" \/>\n\t<meta property=\"og:image:width\" content=\"2560\" \/>\n\t<meta property=\"og:image:height\" content=\"1920\" \/>\n\t<meta property=\"og:image:type\" content=\"image\/jpeg\" \/>\n<meta name=\"twitter:card\" content=\"summary_large_image\" \/>\n<meta name=\"twitter:label1\" content=\"Szacowany czas czytania\" \/>\n\t<meta name=\"twitter:data1\" content=\"2 minuty\" \/>\n<script type=\"application\/ld+json\" class=\"yoast-schema-graph\">{\"@context\":\"https:\/\/schema.org\",\"@graph\":[{\"@type\":\"WebPage\",\"@id\":\"https:\/\/willa-polanica.pl\/index.php\/pokoj-1-villa-polanica-komfortowy-nocleg-w-polanicy-zdroju\/\",\"url\":\"https:\/\/willa-polanica.pl\/index.php\/pokoj-1-villa-polanica-komfortowy-nocleg-w-polanicy-zdroju\/\",\"name\":\"Pok\u00f3j 1 - Willa Polanica\",\"isPartOf\":{\"@id\":\"https:\/\/willa-polanica.pl\/#website\"},\"primaryImageOfPage\":{\"@id\":\"https:\/\/willa-polanica.pl\/index.php\/pokoj-1-villa-polanica-komfortowy-nocleg-w-polanicy-zdroju\/#primaryimage\"},\"image\":{\"@id\":\"https:\/\/willa-polanica.pl\/index.php\/pokoj-1-villa-polanica-komfortowy-nocleg-w-polanicy-zdroju\/#primaryimage\"},\"thumbnailUrl\":\"https:\/\/willa-polanica.pl\/wp-content\/uploads\/2025\/04\/IMG_1573-scaled.jpg\",\"datePublished\":\"2025-04-21T19:08:15+00:00\",\"dateModified\":\"2025-07-14T13:37:36+00:00\",\"description\":\"Zarezerwuj elegancki pok\u00f3j w Villa Polanica. Komfort, cisza i doskona\u0142a lokalizacja w Polanicy-Zdroju. Idealny wyb\u00f3r dla ka\u017cdego.\",\"breadcrumb\":{\"@id\":\"https:\/\/willa-polanica.pl\/index.php\/pokoj-1-villa-polanica-komfortowy-nocleg-w-polanicy-zdroju\/#breadcrumb\"},\"inLanguage\":\"pl-PL\",\"potentialAction\":[{\"@type\":\"ReadAction\",\"target\":[\"https:\/\/willa-polanica.pl\/index.php\/pokoj-1-villa-polanica-komfortowy-nocleg-w-polanicy-zdroju\/\"]}]},{\"@type\":\"ImageObject\",\"inLanguage\":\"pl-PL\",\"@id\":\"https:\/\/willa-polanica.pl\/index.php\/pokoj-1-villa-polanica-komfortowy-nocleg-w-polanicy-zdroju\/#primaryimage\",\"url\":\"https:\/\/willa-polanica.pl\/wp-content\/uploads\/2025\/04\/IMG_1573-scaled.jpg\",\"contentUrl\":\"https:\/\/willa-polanica.pl\/wp-content\/uploads\/2025\/04\/IMG_1573-scaled.jpg\",\"width\":2560,\"height\":1920},{\"@type\":\"BreadcrumbList\",\"@id\":\"https:\/\/willa-polanica.pl\/index.php\/pokoj-1-villa-polanica-komfortowy-nocleg-w-polanicy-zdroju\/#breadcrumb\",\"itemListElement\":[{\"@type\":\"ListItem\",\"position\":1,\"name\":\"Strona g\u0142\u00f3wna\",\"item\":\"https:\/\/willa-polanica.pl\/\"},{\"@type\":\"ListItem\",\"position\":2,\"name\":\"Noclegi Polanica Zdr\u00f3j, nocowanie Polanica, pensjonat, kwatery prywatne booking Polanica Zdr\u00f3j, apartamenty, Villa Polanica, tanie noclegi, rezerwacje, pokoje, turysta, wakacje, polecane noclegi, tani nocleg, g\u00f3ry Sto\u0142owe, Kotlina K\u0142odzka\"}]},{\"@type\":\"WebSite\",\"@id\":\"https:\/\/willa-polanica.pl\/#website\",\"url\":\"https:\/\/willa-polanica.pl\/\",\"name\":\"Willa Polanica\",\"description\":\"Odpocznij w zaciszu lasu zaledwie 10 min spacerem od deptaku\",\"publisher\":{\"@id\":\"https:\/\/willa-polanica.pl\/#organization\"},\"alternateName\":\"Nocowanie Polanica Zdr\u00f3j\",\"potentialAction\":[{\"@type\":\"SearchAction\",\"target\":{\"@type\":\"EntryPoint\",\"urlTemplate\":\"https:\/\/willa-polanica.pl\/?s={search_term_string}\"},\"query-input\":{\"@type\":\"PropertyValueSpecification\",\"valueRequired\":true,\"valueName\":\"search_term_string\"}}],\"inLanguage\":\"pl-PL\"},{\"@type\":\"Organization\",\"@id\":\"https:\/\/willa-polanica.pl\/#organization\",\"name\":\"Willa Polanica\",\"alternateName\":\"Nocowanie Polanica Zdr\u00f3j\",\"url\":\"https:\/\/willa-polanica.pl\/\",\"logo\":{\"@type\":\"ImageObject\",\"inLanguage\":\"pl-PL\",\"@id\":\"https:\/\/willa-polanica.pl\/#\/schema\/logo\/image\/\",\"url\":\"https:\/\/willa-polanica.pl\/wp-content\/uploads\/2025\/04\/ChatGPT-Image-26-kwi-2025-08_20_59-1-1-1.png\",\"contentUrl\":\"https:\/\/willa-polanica.pl\/wp-content\/uploads\/2025\/04\/ChatGPT-Image-26-kwi-2025-08_20_59-1-1-1.png\",\"width\":1536,\"height\":1024,\"caption\":\"Willa Polanica\"},\"image\":{\"@id\":\"https:\/\/willa-polanica.pl\/#\/schema\/logo\/image\/\"},\"sameAs\":[\"https:\/\/www.facebook.com\/profile.php?id=61577378618566\"]}]}<\/script>\n<!-- \/ Yoast SEO plugin. -->","yoast_head_json":{"title":"Pok\u00f3j 1 - Willa Polanica","description":"Zarezerwuj elegancki pok\u00f3j w Villa Polanica. Komfort, cisza i doskona\u0142a lokalizacja w Polanicy-Zdroju. Idealny wyb\u00f3r dla ka\u017cdego.","robots":{"index":"index","follow":"follow","max-snippet":"max-snippet:-1","max-image-preview":"max-image-preview:large","max-video-preview":"max-video-preview:-1"},"canonical":"https:\/\/willa-polanica.pl\/index.php\/pokoj-1-villa-polanica-komfortowy-nocleg-w-polanicy-zdroju\/","og_locale":"pl_PL","og_type":"article","og_title":"Pok\u00f3j 1 - Willa Polanica","og_description":"Zarezerwuj elegancki pok\u00f3j w Villa Polanica. Komfort, cisza i doskona\u0142a lokalizacja w Polanicy-Zdroju. Idealny wyb\u00f3r dla ka\u017cdego.","og_url":"https:\/\/willa-polanica.pl\/index.php\/pokoj-1-villa-polanica-komfortowy-nocleg-w-polanicy-zdroju\/","og_site_name":"Willa Polanica","article_publisher":"https:\/\/www.facebook.com\/profile.php?id=61577378618566","article_modified_time":"2025-07-14T13:37:36+00:00","og_image":[{"width":2560,"height":1920,"url":"https:\/\/willa-polanica.pl\/wp-content\/uploads\/2025\/04\/IMG_1573-scaled.jpg","type":"image\/jpeg"}],"twitter_card":"summary_large_image","twitter_misc":{"Szacowany czas czytania":"2 minuty"},"schema":{"@context":"https:\/\/schema.org","@graph":[{"@type":"WebPage","@id":"https:\/\/willa-polanica.pl\/index.php\/pokoj-1-villa-polanica-komfortowy-nocleg-w-polanicy-zdroju\/","url":"https:\/\/willa-polanica.pl\/index.php\/pokoj-1-villa-polanica-komfortowy-nocleg-w-polanicy-zdroju\/","name":"Pok\u00f3j 1 - Willa Polanica","isPartOf":{"@id":"https:\/\/willa-polanica.pl\/#website"},"primaryImageOfPage":{"@id":"https:\/\/willa-polanica.pl\/index.php\/pokoj-1-villa-polanica-komfortowy-nocleg-w-polanicy-zdroju\/#primaryimage"},"image":{"@id":"https:\/\/willa-polanica.pl\/index.php\/pokoj-1-villa-polanica-komfortowy-nocleg-w-polanicy-zdroju\/#primaryimage"},"thumbnailUrl":"https:\/\/willa-polanica.pl\/wp-content\/uploads\/2025\/04\/IMG_1573-scaled.jpg","datePublished":"2025-04-21T19:08:15+00:00","dateModified":"2025-07-14T13:37:36+00:00","description":"Zarezerwuj elegancki pok\u00f3j w Villa Polanica. Komfort, cisza i doskona\u0142a lokalizacja w Polanicy-Zdroju. Idealny wyb\u00f3r dla ka\u017cdego.","breadcrumb":{"@id":"https:\/\/willa-polanica.pl\/index.php\/pokoj-1-villa-polanica-komfortowy-nocleg-w-polanicy-zdroju\/#breadcrumb"},"inLanguage":"pl-PL","potentialAction":[{"@type":"ReadAction","target":["https:\/\/willa-polanica.pl\/index.php\/pokoj-1-villa-polanica-komfortowy-nocleg-w-polanicy-zdroju\/"]}]},{"@type":"ImageObject","inLanguage":"pl-PL","@id":"https:\/\/willa-polanica.pl\/index.php\/pokoj-1-villa-polanica-komfortowy-nocleg-w-polanicy-zdroju\/#primaryimage","url":"https:\/\/willa-polanica.pl\/wp-content\/uploads\/2025\/04\/IMG_1573-scaled.jpg","contentUrl":"https:\/\/willa-polanica.pl\/wp-content\/uploads\/2025\/04\/IMG_1573-scaled.jpg","width":2560,"height":1920},{"@type":"BreadcrumbList","@id":"https:\/\/willa-polanica.pl\/index.php\/pokoj-1-villa-polanica-komfortowy-nocleg-w-polanicy-zdroju\/#breadcrumb","itemListElement":[{"@type":"ListItem","position":1,"name":"Strona g\u0142\u00f3wna","item":"https:\/\/willa-polanica.pl\/"},{"@type":"ListItem","position":2,"name":"Noclegi Polanica Zdr\u00f3j, nocowanie Polanica, pensjonat, kwatery prywatne booking Polanica Zdr\u00f3j, apartamenty, Villa Polanica, tanie noclegi, rezerwacje, pokoje, turysta, wakacje, polecane noclegi, tani nocleg, g\u00f3ry Sto\u0142owe, Kotlina K\u0142odzka"}]},{"@type":"WebSite","@id":"https:\/\/willa-polanica.pl\/#website","url":"https:\/\/willa-polanica.pl\/","name":"Willa Polanica","description":"Odpocznij w zaciszu lasu zaledwie 10 min spacerem od deptaku","publisher":{"@id":"https:\/\/willa-polanica.pl\/#organization"},"alternateName":"Nocowanie Polanica Zdr\u00f3j","potentialAction":[{"@type":"SearchAction","target":{"@type":"EntryPoint","urlTemplate":"https:\/\/willa-polanica.pl\/?s={search_term_string}"},"query-input":{"@type":"PropertyValueSpecification","valueRequired":true,"valueName":"search_term_string"}}],"inLanguage":"pl-PL"},{"@type":"Organization","@id":"https:\/\/willa-polanica.pl\/#organization","name":"Willa Polanica","alternateName":"Nocowanie Polanica Zdr\u00f3j","url":"https:\/\/willa-polanica.pl\/","logo":{"@type":"ImageObject","inLanguage":"pl-PL","@id":"https:\/\/willa-polanica.pl\/#\/schema\/logo\/image\/","url":"https:\/\/willa-polanica.pl\/wp-content\/uploads\/2025\/04\/ChatGPT-Image-26-kwi-2025-08_20_59-1-1-1.png","contentUrl":"https:\/\/willa-polanica.pl\/wp-content\/uploads\/2025\/04\/ChatGPT-Image-26-kwi-2025-08_20_59-1-1-1.png","width":1536,"height":1024,"caption":"Willa Polanica"},"image":{"@id":"https:\/\/willa-polanica.pl\/#\/schema\/logo\/image\/"},"sameAs":["https:\/\/www.facebook.com\/profile.php?id=61577378618566"]}]}},"_links":{"self":[{"href":"https:\/\/willa-polanica.pl\/index.php\/wp-json\/wp\/v2\/pages\/45","targetHints":{"allow":["GET"]}}],"collection":[{"href":"https:\/\/willa-polanica.pl\/index.php\/wp-json\/wp\/v2\/pages"}],"about":[{"href":"https:\/\/willa-polanica.pl\/index.php\/wp-json\/wp\/v2\/types\/page"}],"author":[{"embeddable":true,"href":"https:\/\/willa-polanica.pl\/index.php\/wp-json\/wp\/v2\/users\/1"}],"replies":[{"embeddable":true,"href":"https:\/\/willa-polanica.pl\/index.php\/wp-json\/wp\/v2\/comments?post=45"}],"version-history":[{"count":9,"href":"https:\/\/willa-polanica.pl\/index.php\/wp-json\/wp\/v2\/pages\/45\/revisions"}],"predecessor-version":[{"id":614,"href":"https:\/\/willa-polanica.pl\/index.php\/wp-json\/wp\/v2\/pages\/45\/revisions\/614"}],"wp:featuredmedia":[{"embeddable":true,"href":"https:\/\/willa-polanica.pl\/index.php\/wp-json\/wp\/v2\/media\/39"}],"wp:attachment":[{"href":"https:\/\/willa-polanica.pl\/index.php\/wp-json\/wp\/v2\/media?parent=45"}],"curies":[{"name":"wp","href":"https:\/\/api.w.org\/{rel}","templated":true}]}}