{"id":54,"date":"2025-04-21T21:08:15","date_gmt":"2025-04-21T19:08:15","guid":{"rendered":"https:\/\/willa-polanica.pl\/\/?page_id=54"},"modified":"2025-07-14T15:38:02","modified_gmt":"2025-07-14T13:38:02","slug":"pokoj-2-villa-polanica-pokoj-rodzinny","status":"publish","type":"page","link":"https:\/\/willa-polanica.pl\/index.php\/pokoj-2-villa-polanica-pokoj-rodzinny\/","title":{"rendered":"Pok\u00f3j 2"},"content":{"rendered":"\n<h2 class=\"wp-block-heading\">Przestronny pok\u00f3j 3-6 osobowy<\/h2>\n\n\n\n<p><\/p>\n\n\n\n<p><strong>Przestronny pok\u00f3j w Willa Polanica<\/strong> to elegancka i komfortowa przestrze\u0144 stworzona z my\u015bl\u0105 o rodzinach, grupach przyjaci\u00f3\u0142 oraz go\u015bciach podr\u00f3\u017cuj\u0105cych w wi\u0119kszym gronie. Wn\u0119trze urz\u0105dzone w jasnych barwach sprzyja relaksowi, a starannie dobrane detale tworz\u0105 atmosfer\u0119 spokoju i stylu.<\/p>\n\n\n\n<p>Do dyspozycji go\u015bci znajduje si\u0119 <strong>prywatna \u0142azienka z  prysznicem<\/strong>  idealna na regeneracj\u0119 po dniu pe\u0142nym wra\u017ce\u0144 w Polanicy-Zdroju. <\/p>\n\n\n\n<p><\/p>\n\n\n\n<p>To doskona\u0142y wyb\u00f3r dla os\u00f3b ceni\u0105cych sobie <strong>komfortowy nocleg w Polanicy-Zdroju<\/strong>, blisko Parku Zdrojowego i lokalnych atrakcji.<\/p>\n\n\n\n<p>Szczeg\u00f3\u0142owe informacje o wyposa\u017ceniu pokoi i udogodnieniach znajdziesz na stronie <a href=\"https:\/\/willa-polanica.pl\/index.php\/wazne-informacje-villa-polanica\/\" target=\"_blank\" rel=\"noreferrer noopener\">&#8222;Wa\u017cne informacje&#8221;.<\/a><\/p>\n\n\n\n<figure class=\"wp-block-image alignfull size-large has-custom-border\" style=\"padding-top:var(--wp--preset--spacing--20);padding-right:var(--wp--preset--spacing--20);padding-bottom:var(--wp--preset--spacing--20);padding-left:var(--wp--preset--spacing--20)\"><img loading=\"lazy\" decoding=\"async\" width=\"1024\" height=\"768\" src=\"https:\/\/willa-polanica.pl\/\/wp-content\/uploads\/2025\/04\/IMG_1469-1-1024x768.jpg\" alt=\"Villa Polanica \u2013 Pok\u00f3j rodzinny 3 -5 osobowy\" class=\"has-border-color has-border-color-border-color wp-image-58\" style=\"border-width:2px;border-radius:15px\" srcset=\"https:\/\/willa-polanica.pl\/wp-content\/uploads\/2025\/04\/IMG_1469-1-1024x768.jpg 1024w, https:\/\/willa-polanica.pl\/wp-content\/uploads\/2025\/04\/IMG_1469-1-300x225.jpg 300w, https:\/\/willa-polanica.pl\/wp-content\/uploads\/2025\/04\/IMG_1469-1-768x576.jpg 768w, https:\/\/willa-polanica.pl\/wp-content\/uploads\/2025\/04\/IMG_1469-1-1536x1152.jpg 1536w, https:\/\/willa-polanica.pl\/wp-content\/uploads\/2025\/04\/IMG_1469-1-2048x1536.jpg 2048w\" sizes=\"auto, (max-width: 1024px) 100vw, 1024px\" \/><\/figure>\n\n\n\n<figure class=\"wp-block-gallery has-nested-images columns-default is-cropped wp-block-gallery-1 is-layout-flex wp-block-gallery-is-layout-flex\">\n<figure class=\"wp-block-image size-large has-custom-border\" style=\"padding-top:var(--wp--preset--spacing--20);padding-right:var(--wp--preset--spacing--20);padding-bottom:var(--wp--preset--spacing--20);padding-left:var(--wp--preset--spacing--20)\"><img loading=\"lazy\" decoding=\"async\" width=\"1024\" height=\"768\" data-id=\"57\" src=\"https:\/\/willa-polanica.pl\/\/wp-content\/uploads\/2025\/04\/IMG_1471-1024x768.jpg\" alt=\"Villa Polanica \u2013 Pok\u00f3j rodzinny\" class=\"has-border-color has-border-color-border-color wp-image-57\" style=\"border-width:2px;border-radius:15px\" srcset=\"https:\/\/willa-polanica.pl\/wp-content\/uploads\/2025\/04\/IMG_1471-1024x768.jpg 1024w, https:\/\/willa-polanica.pl\/wp-content\/uploads\/2025\/04\/IMG_1471-300x225.jpg 300w, https:\/\/willa-polanica.pl\/wp-content\/uploads\/2025\/04\/IMG_1471-768x576.jpg 768w, https:\/\/willa-polanica.pl\/wp-content\/uploads\/2025\/04\/IMG_1471-1536x1152.jpg 1536w, https:\/\/willa-polanica.pl\/wp-content\/uploads\/2025\/04\/IMG_1471-2048x1536.jpg 2048w\" sizes=\"auto, (max-width: 1024px) 100vw, 1024px\" \/><\/figure>\n\n\n\n<figure class=\"wp-block-image size-large has-custom-border\" style=\"padding-top:var(--wp--preset--spacing--20);padding-right:var(--wp--preset--spacing--20);padding-bottom:var(--wp--preset--spacing--20);padding-left:var(--wp--preset--spacing--20)\"><img loading=\"lazy\" decoding=\"async\" width=\"1024\" height=\"768\" data-id=\"60\" src=\"https:\/\/willa-polanica.pl\/\/wp-content\/uploads\/2025\/04\/IMG_1477-1024x768.jpg\" alt=\"Villa Polanica \u2013 Pok\u00f3j rodzinny wygodny pok\u00f3j dla rodzin\" class=\"has-border-color has-border-color-border-color wp-image-60\" style=\"border-width:2px;border-radius:15px\" srcset=\"https:\/\/willa-polanica.pl\/wp-content\/uploads\/2025\/04\/IMG_1477-1024x768.jpg 1024w, https:\/\/willa-polanica.pl\/wp-content\/uploads\/2025\/04\/IMG_1477-300x225.jpg 300w, https:\/\/willa-polanica.pl\/wp-content\/uploads\/2025\/04\/IMG_1477-768x576.jpg 768w, https:\/\/willa-polanica.pl\/wp-content\/uploads\/2025\/04\/IMG_1477-1536x1152.jpg 1536w, https:\/\/willa-polanica.pl\/wp-content\/uploads\/2025\/04\/IMG_1477-2048x1536.jpg 2048w\" sizes=\"auto, (max-width: 1024px) 100vw, 1024px\" \/><\/figure>\n\n\n\n<figure class=\"wp-block-image size-large has-custom-border\" style=\"padding-top:var(--wp--preset--spacing--20);padding-right:var(--wp--preset--spacing--20);padding-bottom:var(--wp--preset--spacing--20);padding-left:var(--wp--preset--spacing--20)\"><img loading=\"lazy\" decoding=\"async\" width=\"1024\" height=\"768\" data-id=\"61\" src=\"https:\/\/willa-polanica.pl\/\/wp-content\/uploads\/2025\/04\/IMG_1507-1024x768.jpg\" alt=\"Villa Polanica \u2013 Pok\u00f3j rodzinny\" class=\"has-border-color has-border-color-border-color wp-image-61\" style=\"border-width:2px;border-radius:15px\" srcset=\"https:\/\/willa-polanica.pl\/wp-content\/uploads\/2025\/04\/IMG_1507-1024x768.jpg 1024w, https:\/\/willa-polanica.pl\/wp-content\/uploads\/2025\/04\/IMG_1507-300x225.jpg 300w, https:\/\/willa-polanica.pl\/wp-content\/uploads\/2025\/04\/IMG_1507-768x576.jpg 768w, https:\/\/willa-polanica.pl\/wp-content\/uploads\/2025\/04\/IMG_1507-1536x1152.jpg 1536w, https:\/\/willa-polanica.pl\/wp-content\/uploads\/2025\/04\/IMG_1507-2048x1536.jpg 2048w\" sizes=\"auto, (max-width: 1024px) 100vw, 1024px\" \/><\/figure>\n\n\n\n<figure class=\"wp-block-image size-large has-custom-border\" style=\"padding-top:var(--wp--preset--spacing--20);padding-right:var(--wp--preset--spacing--20);padding-bottom:var(--wp--preset--spacing--20);padding-left:var(--wp--preset--spacing--20)\"><img loading=\"lazy\" decoding=\"async\" width=\"1024\" height=\"768\" data-id=\"56\" src=\"https:\/\/willa-polanica.pl\/\/wp-content\/uploads\/2025\/04\/IMG_1510-1024x768.jpg\" alt=\"\" class=\"has-border-color has-border-color-border-color wp-image-56\" style=\"border-width:2px;border-radius:15px\" srcset=\"https:\/\/willa-polanica.pl\/wp-content\/uploads\/2025\/04\/IMG_1510-1024x768.jpg 1024w, https:\/\/willa-polanica.pl\/wp-content\/uploads\/2025\/04\/IMG_1510-300x225.jpg 300w, https:\/\/willa-polanica.pl\/wp-content\/uploads\/2025\/04\/IMG_1510-768x576.jpg 768w, https:\/\/willa-polanica.pl\/wp-content\/uploads\/2025\/04\/IMG_1510-1536x1152.jpg 1536w, https:\/\/willa-polanica.pl\/wp-content\/uploads\/2025\/04\/IMG_1510-2048x1536.jpg 2048w\" sizes=\"auto, (max-width: 1024px) 100vw, 1024px\" \/><\/figure>\n\n\n\n<figure class=\"wp-block-image size-large has-custom-border\" style=\"padding-top:var(--wp--preset--spacing--20);padding-right:var(--wp--preset--spacing--20);padding-bottom:var(--wp--preset--spacing--20);padding-left:var(--wp--preset--spacing--20)\"><img loading=\"lazy\" decoding=\"async\" width=\"605\" height=\"807\" data-id=\"55\" src=\"https:\/\/willa-polanica.pl\/\/wp-content\/uploads\/2025\/04\/IMG_1472min.jpg\" alt=\"\" class=\"has-border-color has-border-color-border-color wp-image-55\" style=\"border-width:2px;border-radius:15px\" srcset=\"https:\/\/willa-polanica.pl\/wp-content\/uploads\/2025\/04\/IMG_1472min.jpg 605w, https:\/\/willa-polanica.pl\/wp-content\/uploads\/2025\/04\/IMG_1472min-225x300.jpg 225w\" sizes=\"auto, (max-width: 605px) 100vw, 605px\" \/><\/figure>\n\n\n\n<figure class=\"wp-block-image size-large has-custom-border\" style=\"padding-top:var(--wp--preset--spacing--20);padding-right:var(--wp--preset--spacing--20);padding-bottom:var(--wp--preset--spacing--20);padding-left:var(--wp--preset--spacing--20)\"><img loading=\"lazy\" decoding=\"async\" width=\"1024\" height=\"768\" data-id=\"59\" src=\"https:\/\/willa-polanica.pl\/\/wp-content\/uploads\/2025\/04\/IMG_20200825_181634114-1024x768.jpg\" alt=\"\" class=\"has-border-color has-border-color-border-color wp-image-59\" style=\"border-width:2px;border-radius:15px\" srcset=\"https:\/\/willa-polanica.pl\/wp-content\/uploads\/2025\/04\/IMG_20200825_181634114-1024x768.jpg 1024w, https:\/\/willa-polanica.pl\/wp-content\/uploads\/2025\/04\/IMG_20200825_181634114-300x225.jpg 300w, https:\/\/willa-polanica.pl\/wp-content\/uploads\/2025\/04\/IMG_20200825_181634114-768x576.jpg 768w, https:\/\/willa-polanica.pl\/wp-content\/uploads\/2025\/04\/IMG_20200825_181634114-1536x1152.jpg 1536w, https:\/\/willa-polanica.pl\/wp-content\/uploads\/2025\/04\/IMG_20200825_181634114-2048x1536.jpg 2048w\" sizes=\"auto, (max-width: 1024px) 100vw, 1024px\" \/><\/figure>\n<\/figure>\n","protected":false},"excerpt":{"rendered":"<p>Przestronny pok\u00f3j 3-6 osobowy Przestronny pok\u00f3j w Willa Polanica to elegancka i komfortowa przestrze\u0144 stworzona z my\u015bl\u0105 o rodzinach, grupach przyjaci\u00f3\u0142 oraz go\u015bciach podr\u00f3\u017cuj\u0105cych w wi\u0119kszym gronie. Wn\u0119trze urz\u0105dzone w jasnych barwach sprzyja relaksowi, a starannie dobrane detale tworz\u0105 atmosfer\u0119 spokoju i stylu. Do dyspozycji go\u015bci znajduje si\u0119 prywatna \u0142azienka z prysznicem idealna na regeneracj\u0119 [&hellip;]<\/p>\n","protected":false},"author":1,"featured_media":58,"parent":0,"menu_order":0,"comment_status":"closed","ping_status":"closed","template":"","meta":{"footnotes":""},"class_list":["post-54","page","type-page","status-publish","has-post-thumbnail","hentry"],"yoast_head":"<!-- This site is optimized with the Yoast SEO plugin v25.4 - https:\/\/yoast.com\/wordpress\/plugins\/seo\/ -->\n<title>Pok\u00f3j 2 - Willa Polanica<\/title>\n<meta name=\"description\" content=\"Zarezerwuj przestronny pok\u00f3j rodzinny w Villa Polanica Komfort, styl i doskona\u0142a lokalizacja w Polanicy-Zdroju idealne miejsce na wypoczynek.\" \/>\n<meta name=\"robots\" content=\"index, follow, max-snippet:-1, max-image-preview:large, max-video-preview:-1\" \/>\n<link rel=\"canonical\" href=\"https:\/\/willa-polanica.pl\/index.php\/pokoj-2-villa-polanica-pokoj-rodzinny\/\" \/>\n<meta property=\"og:locale\" content=\"pl_PL\" \/>\n<meta property=\"og:type\" content=\"article\" \/>\n<meta property=\"og:title\" content=\"Pok\u00f3j 2 - Willa Polanica\" \/>\n<meta property=\"og:description\" content=\"Zarezerwuj przestronny pok\u00f3j rodzinny w Villa Polanica Komfort, styl i doskona\u0142a lokalizacja w Polanicy-Zdroju idealne miejsce na wypoczynek.\" \/>\n<meta property=\"og:url\" content=\"https:\/\/willa-polanica.pl\/index.php\/pokoj-2-villa-polanica-pokoj-rodzinny\/\" \/>\n<meta property=\"og:site_name\" content=\"Willa Polanica\" \/>\n<meta property=\"article:publisher\" content=\"https:\/\/www.facebook.com\/profile.php?id=61577378618566\" \/>\n<meta property=\"article:modified_time\" content=\"2025-07-14T13:38:02+00:00\" \/>\n<meta property=\"og:image\" content=\"https:\/\/willa-polanica.pl\/wp-content\/uploads\/2025\/04\/IMG_1469-1-scaled.jpg\" \/>\n\t<meta property=\"og:image:width\" content=\"2560\" \/>\n\t<meta property=\"og:image:height\" content=\"1920\" \/>\n\t<meta property=\"og:image:type\" content=\"image\/jpeg\" \/>\n<meta name=\"twitter:card\" content=\"summary_large_image\" \/>\n<meta name=\"twitter:label1\" content=\"Szacowany czas czytania\" \/>\n\t<meta name=\"twitter:data1\" content=\"3 minuty\" \/>\n<script type=\"application\/ld+json\" class=\"yoast-schema-graph\">{\"@context\":\"https:\/\/schema.org\",\"@graph\":[{\"@type\":\"WebPage\",\"@id\":\"https:\/\/willa-polanica.pl\/index.php\/pokoj-2-villa-polanica-pokoj-rodzinny\/\",\"url\":\"https:\/\/willa-polanica.pl\/index.php\/pokoj-2-villa-polanica-pokoj-rodzinny\/\",\"name\":\"Pok\u00f3j 2 - Willa Polanica\",\"isPartOf\":{\"@id\":\"https:\/\/willa-polanica.pl\/#website\"},\"primaryImageOfPage\":{\"@id\":\"https:\/\/willa-polanica.pl\/index.php\/pokoj-2-villa-polanica-pokoj-rodzinny\/#primaryimage\"},\"image\":{\"@id\":\"https:\/\/willa-polanica.pl\/index.php\/pokoj-2-villa-polanica-pokoj-rodzinny\/#primaryimage\"},\"thumbnailUrl\":\"https:\/\/willa-polanica.pl\/wp-content\/uploads\/2025\/04\/IMG_1469-1-scaled.jpg\",\"datePublished\":\"2025-04-21T19:08:15+00:00\",\"dateModified\":\"2025-07-14T13:38:02+00:00\",\"description\":\"Zarezerwuj przestronny pok\u00f3j rodzinny w Villa Polanica Komfort, styl i doskona\u0142a lokalizacja w Polanicy-Zdroju idealne miejsce na wypoczynek.\",\"breadcrumb\":{\"@id\":\"https:\/\/willa-polanica.pl\/index.php\/pokoj-2-villa-polanica-pokoj-rodzinny\/#breadcrumb\"},\"inLanguage\":\"pl-PL\",\"potentialAction\":[{\"@type\":\"ReadAction\",\"target\":[\"https:\/\/willa-polanica.pl\/index.php\/pokoj-2-villa-polanica-pokoj-rodzinny\/\"]}]},{\"@type\":\"ImageObject\",\"inLanguage\":\"pl-PL\",\"@id\":\"https:\/\/willa-polanica.pl\/index.php\/pokoj-2-villa-polanica-pokoj-rodzinny\/#primaryimage\",\"url\":\"https:\/\/willa-polanica.pl\/wp-content\/uploads\/2025\/04\/IMG_1469-1-scaled.jpg\",\"contentUrl\":\"https:\/\/willa-polanica.pl\/wp-content\/uploads\/2025\/04\/IMG_1469-1-scaled.jpg\",\"width\":2560,\"height\":1920},{\"@type\":\"BreadcrumbList\",\"@id\":\"https:\/\/willa-polanica.pl\/index.php\/pokoj-2-villa-polanica-pokoj-rodzinny\/#breadcrumb\",\"itemListElement\":[{\"@type\":\"ListItem\",\"position\":1,\"name\":\"Strona g\u0142\u00f3wna\",\"item\":\"https:\/\/willa-polanica.pl\/\"},{\"@type\":\"ListItem\",\"position\":2,\"name\":\"Noclegi Polanica Zdr\u00f3j, nocowanie Polanica, pensjonat, kwatery prywatne booking Polanica Zdr\u00f3j, apartamenty, Villa Polanica, tanie noclegi, rezerwacje, pokoje, turysta, wakacje, polecane noclegi, tani nocleg, g\u00f3ry Sto\u0142owe, Kotlina K\u0142odzka\"}]},{\"@type\":\"WebSite\",\"@id\":\"https:\/\/willa-polanica.pl\/#website\",\"url\":\"https:\/\/willa-polanica.pl\/\",\"name\":\"Willa Polanica\",\"description\":\"Odpocznij w zaciszu lasu zaledwie 10 min spacerem od deptaku\",\"publisher\":{\"@id\":\"https:\/\/willa-polanica.pl\/#organization\"},\"alternateName\":\"Nocowanie Polanica Zdr\u00f3j\",\"potentialAction\":[{\"@type\":\"SearchAction\",\"target\":{\"@type\":\"EntryPoint\",\"urlTemplate\":\"https:\/\/willa-polanica.pl\/?s={search_term_string}\"},\"query-input\":{\"@type\":\"PropertyValueSpecification\",\"valueRequired\":true,\"valueName\":\"search_term_string\"}}],\"inLanguage\":\"pl-PL\"},{\"@type\":\"Organization\",\"@id\":\"https:\/\/willa-polanica.pl\/#organization\",\"name\":\"Willa Polanica\",\"alternateName\":\"Nocowanie Polanica Zdr\u00f3j\",\"url\":\"https:\/\/willa-polanica.pl\/\",\"logo\":{\"@type\":\"ImageObject\",\"inLanguage\":\"pl-PL\",\"@id\":\"https:\/\/willa-polanica.pl\/#\/schema\/logo\/image\/\",\"url\":\"https:\/\/willa-polanica.pl\/wp-content\/uploads\/2025\/04\/ChatGPT-Image-26-kwi-2025-08_20_59-1-1-1.png\",\"contentUrl\":\"https:\/\/willa-polanica.pl\/wp-content\/uploads\/2025\/04\/ChatGPT-Image-26-kwi-2025-08_20_59-1-1-1.png\",\"width\":1536,\"height\":1024,\"caption\":\"Willa Polanica\"},\"image\":{\"@id\":\"https:\/\/willa-polanica.pl\/#\/schema\/logo\/image\/\"},\"sameAs\":[\"https:\/\/www.facebook.com\/profile.php?id=61577378618566\"]}]}<\/script>\n<!-- \/ Yoast SEO plugin. -->","yoast_head_json":{"title":"Pok\u00f3j 2 - Willa Polanica","description":"Zarezerwuj przestronny pok\u00f3j rodzinny w Villa Polanica Komfort, styl i doskona\u0142a lokalizacja w Polanicy-Zdroju idealne miejsce na wypoczynek.","robots":{"index":"index","follow":"follow","max-snippet":"max-snippet:-1","max-image-preview":"max-image-preview:large","max-video-preview":"max-video-preview:-1"},"canonical":"https:\/\/willa-polanica.pl\/index.php\/pokoj-2-villa-polanica-pokoj-rodzinny\/","og_locale":"pl_PL","og_type":"article","og_title":"Pok\u00f3j 2 - Willa Polanica","og_description":"Zarezerwuj przestronny pok\u00f3j rodzinny w Villa Polanica Komfort, styl i doskona\u0142a lokalizacja w Polanicy-Zdroju idealne miejsce na wypoczynek.","og_url":"https:\/\/willa-polanica.pl\/index.php\/pokoj-2-villa-polanica-pokoj-rodzinny\/","og_site_name":"Willa Polanica","article_publisher":"https:\/\/www.facebook.com\/profile.php?id=61577378618566","article_modified_time":"2025-07-14T13:38:02+00:00","og_image":[{"width":2560,"height":1920,"url":"https:\/\/willa-polanica.pl\/wp-content\/uploads\/2025\/04\/IMG_1469-1-scaled.jpg","type":"image\/jpeg"}],"twitter_card":"summary_large_image","twitter_misc":{"Szacowany czas czytania":"3 minuty"},"schema":{"@context":"https:\/\/schema.org","@graph":[{"@type":"WebPage","@id":"https:\/\/willa-polanica.pl\/index.php\/pokoj-2-villa-polanica-pokoj-rodzinny\/","url":"https:\/\/willa-polanica.pl\/index.php\/pokoj-2-villa-polanica-pokoj-rodzinny\/","name":"Pok\u00f3j 2 - Willa Polanica","isPartOf":{"@id":"https:\/\/willa-polanica.pl\/#website"},"primaryImageOfPage":{"@id":"https:\/\/willa-polanica.pl\/index.php\/pokoj-2-villa-polanica-pokoj-rodzinny\/#primaryimage"},"image":{"@id":"https:\/\/willa-polanica.pl\/index.php\/pokoj-2-villa-polanica-pokoj-rodzinny\/#primaryimage"},"thumbnailUrl":"https:\/\/willa-polanica.pl\/wp-content\/uploads\/2025\/04\/IMG_1469-1-scaled.jpg","datePublished":"2025-04-21T19:08:15+00:00","dateModified":"2025-07-14T13:38:02+00:00","description":"Zarezerwuj przestronny pok\u00f3j rodzinny w Villa Polanica Komfort, styl i doskona\u0142a lokalizacja w Polanicy-Zdroju idealne miejsce na wypoczynek.","breadcrumb":{"@id":"https:\/\/willa-polanica.pl\/index.php\/pokoj-2-villa-polanica-pokoj-rodzinny\/#breadcrumb"},"inLanguage":"pl-PL","potentialAction":[{"@type":"ReadAction","target":["https:\/\/willa-polanica.pl\/index.php\/pokoj-2-villa-polanica-pokoj-rodzinny\/"]}]},{"@type":"ImageObject","inLanguage":"pl-PL","@id":"https:\/\/willa-polanica.pl\/index.php\/pokoj-2-villa-polanica-pokoj-rodzinny\/#primaryimage","url":"https:\/\/willa-polanica.pl\/wp-content\/uploads\/2025\/04\/IMG_1469-1-scaled.jpg","contentUrl":"https:\/\/willa-polanica.pl\/wp-content\/uploads\/2025\/04\/IMG_1469-1-scaled.jpg","width":2560,"height":1920},{"@type":"BreadcrumbList","@id":"https:\/\/willa-polanica.pl\/index.php\/pokoj-2-villa-polanica-pokoj-rodzinny\/#breadcrumb","itemListElement":[{"@type":"ListItem","position":1,"name":"Strona g\u0142\u00f3wna","item":"https:\/\/willa-polanica.pl\/"},{"@type":"ListItem","position":2,"name":"Noclegi Polanica Zdr\u00f3j, nocowanie Polanica, pensjonat, kwatery prywatne booking Polanica Zdr\u00f3j, apartamenty, Villa Polanica, tanie noclegi, rezerwacje, pokoje, turysta, wakacje, polecane noclegi, tani nocleg, g\u00f3ry Sto\u0142owe, Kotlina K\u0142odzka"}]},{"@type":"WebSite","@id":"https:\/\/willa-polanica.pl\/#website","url":"https:\/\/willa-polanica.pl\/","name":"Willa Polanica","description":"Odpocznij w zaciszu lasu zaledwie 10 min spacerem od deptaku","publisher":{"@id":"https:\/\/willa-polanica.pl\/#organization"},"alternateName":"Nocowanie Polanica Zdr\u00f3j","potentialAction":[{"@type":"SearchAction","target":{"@type":"EntryPoint","urlTemplate":"https:\/\/willa-polanica.pl\/?s={search_term_string}"},"query-input":{"@type":"PropertyValueSpecification","valueRequired":true,"valueName":"search_term_string"}}],"inLanguage":"pl-PL"},{"@type":"Organization","@id":"https:\/\/willa-polanica.pl\/#organization","name":"Willa Polanica","alternateName":"Nocowanie Polanica Zdr\u00f3j","url":"https:\/\/willa-polanica.pl\/","logo":{"@type":"ImageObject","inLanguage":"pl-PL","@id":"https:\/\/willa-polanica.pl\/#\/schema\/logo\/image\/","url":"https:\/\/willa-polanica.pl\/wp-content\/uploads\/2025\/04\/ChatGPT-Image-26-kwi-2025-08_20_59-1-1-1.png","contentUrl":"https:\/\/willa-polanica.pl\/wp-content\/uploads\/2025\/04\/ChatGPT-Image-26-kwi-2025-08_20_59-1-1-1.png","width":1536,"height":1024,"caption":"Willa Polanica"},"image":{"@id":"https:\/\/willa-polanica.pl\/#\/schema\/logo\/image\/"},"sameAs":["https:\/\/www.facebook.com\/profile.php?id=61577378618566"]}]}},"_links":{"self":[{"href":"https:\/\/willa-polanica.pl\/index.php\/wp-json\/wp\/v2\/pages\/54","targetHints":{"allow":["GET"]}}],"collection":[{"href":"https:\/\/willa-polanica.pl\/index.php\/wp-json\/wp\/v2\/pages"}],"about":[{"href":"https:\/\/willa-polanica.pl\/index.php\/wp-json\/wp\/v2\/types\/page"}],"author":[{"embeddable":true,"href":"https:\/\/willa-polanica.pl\/index.php\/wp-json\/wp\/v2\/users\/1"}],"replies":[{"embeddable":true,"href":"https:\/\/willa-polanica.pl\/index.php\/wp-json\/wp\/v2\/comments?post=54"}],"version-history":[{"count":7,"href":"https:\/\/willa-polanica.pl\/index.php\/wp-json\/wp\/v2\/pages\/54\/revisions"}],"predecessor-version":[{"id":627,"href":"https:\/\/willa-polanica.pl\/index.php\/wp-json\/wp\/v2\/pages\/54\/revisions\/627"}],"wp:featuredmedia":[{"embeddable":true,"href":"https:\/\/willa-polanica.pl\/index.php\/wp-json\/wp\/v2\/media\/58"}],"wp:attachment":[{"href":"https:\/\/willa-polanica.pl\/index.php\/wp-json\/wp\/v2\/media?parent=54"}],"curies":[{"name":"wp","href":"https:\/\/api.w.org\/{rel}","templated":true}]}}