{"id":62,"date":"2025-04-21T22:33:37","date_gmt":"2025-04-21T20:33:37","guid":{"rendered":"https:\/\/willa-polanica.pl\/\/?page_id=62"},"modified":"2025-07-14T15:38:31","modified_gmt":"2025-07-14T13:38:31","slug":"pokoj-3-villa-polanica-pokoj-dwuosobowy","status":"publish","type":"page","link":"https:\/\/willa-polanica.pl\/index.php\/pokoj-3-villa-polanica-pokoj-dwuosobowy\/","title":{"rendered":"Pok\u00f3j 3"},"content":{"rendered":"\n<h2 class=\"wp-block-heading\">Pok\u00f3j dwuosobowy<\/h2>\n\n\n\n<p>Do dyspozycji go\u015bci jest <strong>wygodne \u0142\u00f3\u017cko,<\/strong> telewizor jak r\u00f3wnie\u017c <strong>prywatna \u0142azienka z  prysznicem<\/strong>.<\/p>\n\n\n\n<p>Z pokoju jest wyj\u015bcie na balkon z widokiem panoramicznym widokiem 180<sup>0<\/sup> na ca\u0142\u0105 okolic\u0119. <\/p>\n\n\n\n<p><strong>Willa Polanica<\/strong> to pensjonat po\u0142o\u017cony blisko centrum kurortu, zaledwie kilka krok\u00f3w od najwa\u017cniejszych atrakcji Polanicy-Zdroju. To doskona\u0142a baza wypadowa na piesze wycieczki, relaks w parku czy rodzinne wakacje.<\/p>\n\n\n\n<p>Szczeg\u00f3\u0142y dotycz\u0105ce wyposa\u017cenia i udogodnie\u0144 znajdziesz na stronie <a href=\"https:\/\/willa-polanica.pl\/index.php\/wazne-informacje-villa-polanica\/\" target=\"_blank\" rel=\"noreferrer noopener\">&#8222;Wa\u017cne informacje&#8221;<\/a>.<\/p>\n\n\n\n<figure class=\"wp-block-image size-full has-custom-border\" style=\"padding-top:var(--wp--preset--spacing--20);padding-right:var(--wp--preset--spacing--20);padding-bottom:var(--wp--preset--spacing--20);padding-left:var(--wp--preset--spacing--20)\"><img loading=\"lazy\" decoding=\"async\" width=\"2560\" height=\"1920\" src=\"https:\/\/willa-polanica.pl\/wp-content\/uploads\/2025\/04\/IMG_1531-1-scaled.jpg\" alt=\"Villa Polanica \u2013 Pok\u00f3j dwuosobowy Willa Polanica\" class=\"has-border-color has-border-color-border-color wp-image-63\" style=\"border-width:2px;border-radius:15px\" srcset=\"https:\/\/willa-polanica.pl\/wp-content\/uploads\/2025\/04\/IMG_1531-1-scaled.jpg 2560w, https:\/\/willa-polanica.pl\/wp-content\/uploads\/2025\/04\/IMG_1531-1-300x225.jpg 300w, https:\/\/willa-polanica.pl\/wp-content\/uploads\/2025\/04\/IMG_1531-1-1024x768.jpg 1024w, https:\/\/willa-polanica.pl\/wp-content\/uploads\/2025\/04\/IMG_1531-1-768x576.jpg 768w, https:\/\/willa-polanica.pl\/wp-content\/uploads\/2025\/04\/IMG_1531-1-1536x1152.jpg 1536w, https:\/\/willa-polanica.pl\/wp-content\/uploads\/2025\/04\/IMG_1531-1-2048x1536.jpg 2048w\" sizes=\"auto, (max-width: 2560px) 100vw, 2560px\" \/><\/figure>\n\n\n\n<figure class=\"wp-block-gallery has-nested-images columns-default is-cropped wp-block-gallery-1 is-layout-flex wp-block-gallery-is-layout-flex\">\n<figure class=\"wp-block-image size-large has-custom-border\" style=\"padding-top:var(--wp--preset--spacing--20);padding-right:var(--wp--preset--spacing--20);padding-bottom:var(--wp--preset--spacing--20);padding-left:var(--wp--preset--spacing--20)\"><img loading=\"lazy\" decoding=\"async\" width=\"1024\" height=\"768\" data-id=\"65\" src=\"https:\/\/willa-polanica.pl\/\/wp-content\/uploads\/2025\/04\/IMG_1535-1024x768.jpg\" alt=\"Villa Polanica \u2013 Pok\u00f3j dwuosobowy Willa Polanica\" class=\"has-border-color has-border-color-border-color wp-image-65\" style=\"border-width:2px;border-radius:15px\" srcset=\"https:\/\/willa-polanica.pl\/wp-content\/uploads\/2025\/04\/IMG_1535-1024x768.jpg 1024w, https:\/\/willa-polanica.pl\/wp-content\/uploads\/2025\/04\/IMG_1535-300x225.jpg 300w, https:\/\/willa-polanica.pl\/wp-content\/uploads\/2025\/04\/IMG_1535-768x576.jpg 768w, https:\/\/willa-polanica.pl\/wp-content\/uploads\/2025\/04\/IMG_1535-1536x1152.jpg 1536w, https:\/\/willa-polanica.pl\/wp-content\/uploads\/2025\/04\/IMG_1535-2048x1536.jpg 2048w\" sizes=\"auto, (max-width: 1024px) 100vw, 1024px\" \/><\/figure>\n\n\n\n<figure class=\"wp-block-image size-large has-custom-border\" style=\"padding-top:var(--wp--preset--spacing--20);padding-right:var(--wp--preset--spacing--20);padding-bottom:var(--wp--preset--spacing--20);padding-left:var(--wp--preset--spacing--20)\"><img loading=\"lazy\" decoding=\"async\" width=\"1024\" height=\"768\" data-id=\"64\" src=\"https:\/\/willa-polanica.pl\/\/wp-content\/uploads\/2025\/04\/IMG_1539-1024x768.jpg\" alt=\"\" class=\"has-border-color has-border-color-border-color wp-image-64\" style=\"border-width:2px;border-radius:15px\" srcset=\"https:\/\/willa-polanica.pl\/wp-content\/uploads\/2025\/04\/IMG_1539-1024x768.jpg 1024w, https:\/\/willa-polanica.pl\/wp-content\/uploads\/2025\/04\/IMG_1539-300x225.jpg 300w, https:\/\/willa-polanica.pl\/wp-content\/uploads\/2025\/04\/IMG_1539-768x576.jpg 768w, https:\/\/willa-polanica.pl\/wp-content\/uploads\/2025\/04\/IMG_1539-1536x1152.jpg 1536w, https:\/\/willa-polanica.pl\/wp-content\/uploads\/2025\/04\/IMG_1539-2048x1536.jpg 2048w\" sizes=\"auto, (max-width: 1024px) 100vw, 1024px\" \/><\/figure>\n\n\n\n<figure class=\"wp-block-image size-large has-custom-border\" style=\"padding-top:var(--wp--preset--spacing--20);padding-right:var(--wp--preset--spacing--20);padding-bottom:var(--wp--preset--spacing--20);padding-left:var(--wp--preset--spacing--20)\"><img loading=\"lazy\" decoding=\"async\" width=\"1024\" height=\"768\" data-id=\"67\" src=\"https:\/\/willa-polanica.pl\/\/wp-content\/uploads\/2025\/04\/IMG_1564-1024x768.jpg\" alt=\"Villa Polanica \u2013 Pok\u00f3j dwuosobowy Willa Polanica\" class=\"has-border-color has-border-color-border-color wp-image-67\" style=\"border-width:2px;border-radius:15px\" srcset=\"https:\/\/willa-polanica.pl\/wp-content\/uploads\/2025\/04\/IMG_1564-1024x768.jpg 1024w, https:\/\/willa-polanica.pl\/wp-content\/uploads\/2025\/04\/IMG_1564-300x225.jpg 300w, https:\/\/willa-polanica.pl\/wp-content\/uploads\/2025\/04\/IMG_1564-768x576.jpg 768w, https:\/\/willa-polanica.pl\/wp-content\/uploads\/2025\/04\/IMG_1564-1536x1152.jpg 1536w, https:\/\/willa-polanica.pl\/wp-content\/uploads\/2025\/04\/IMG_1564-2048x1536.jpg 2048w\" sizes=\"auto, (max-width: 1024px) 100vw, 1024px\" \/><\/figure>\n\n\n\n<figure class=\"wp-block-image size-large has-custom-border\" style=\"padding-top:var(--wp--preset--spacing--20);padding-right:var(--wp--preset--spacing--20);padding-bottom:var(--wp--preset--spacing--20);padding-left:var(--wp--preset--spacing--20)\"><img loading=\"lazy\" decoding=\"async\" width=\"1024\" height=\"768\" data-id=\"69\" src=\"https:\/\/willa-polanica.pl\/\/wp-content\/uploads\/2025\/04\/1000003921-1024x768.jpg\" alt=\"Villa Polanica \u2013 Pok\u00f3j dwuosobowy Willa Polanica taras\" class=\"has-border-color has-border-color-border-color wp-image-69\" style=\"border-width:2px;border-radius:15px\" srcset=\"https:\/\/willa-polanica.pl\/wp-content\/uploads\/2025\/04\/1000003921-1024x768.jpg 1024w, https:\/\/willa-polanica.pl\/wp-content\/uploads\/2025\/04\/1000003921-300x225.jpg 300w, https:\/\/willa-polanica.pl\/wp-content\/uploads\/2025\/04\/1000003921-768x576.jpg 768w, https:\/\/willa-polanica.pl\/wp-content\/uploads\/2025\/04\/1000003921-1536x1152.jpg 1536w, https:\/\/willa-polanica.pl\/wp-content\/uploads\/2025\/04\/1000003921-2048x1536.jpg 2048w\" sizes=\"auto, (max-width: 1024px) 100vw, 1024px\" \/><\/figure>\n\n\n\n<figure class=\"wp-block-image size-large has-custom-border\" style=\"padding-top:var(--wp--preset--spacing--20);padding-right:var(--wp--preset--spacing--20);padding-bottom:var(--wp--preset--spacing--20);padding-left:var(--wp--preset--spacing--20)\"><img loading=\"lazy\" decoding=\"async\" width=\"1024\" height=\"768\" data-id=\"66\" src=\"https:\/\/willa-polanica.pl\/\/wp-content\/uploads\/2025\/04\/IMG_1547-1024x768.jpg\" alt=\"\" class=\"has-border-color has-border-color-border-color wp-image-66\" style=\"border-width:2px;border-radius:15px\" srcset=\"https:\/\/willa-polanica.pl\/wp-content\/uploads\/2025\/04\/IMG_1547-1024x768.jpg 1024w, https:\/\/willa-polanica.pl\/wp-content\/uploads\/2025\/04\/IMG_1547-300x225.jpg 300w, https:\/\/willa-polanica.pl\/wp-content\/uploads\/2025\/04\/IMG_1547-768x576.jpg 768w, https:\/\/willa-polanica.pl\/wp-content\/uploads\/2025\/04\/IMG_1547-1536x1152.jpg 1536w, https:\/\/willa-polanica.pl\/wp-content\/uploads\/2025\/04\/IMG_1547-2048x1536.jpg 2048w\" sizes=\"auto, (max-width: 1024px) 100vw, 1024px\" \/><\/figure>\n\n\n\n<figure class=\"wp-block-image size-large has-custom-border\" style=\"padding-top:var(--wp--preset--spacing--20);padding-right:var(--wp--preset--spacing--20);padding-bottom:var(--wp--preset--spacing--20);padding-left:var(--wp--preset--spacing--20)\"><img loading=\"lazy\" decoding=\"async\" width=\"1024\" height=\"531\" data-id=\"68\" src=\"https:\/\/willa-polanica.pl\/\/wp-content\/uploads\/2025\/04\/IMG_4479-1024x531.jpg\" alt=\"\" class=\"has-border-color has-border-color-border-color wp-image-68\" style=\"border-width:2px;border-radius:15px\" srcset=\"https:\/\/willa-polanica.pl\/wp-content\/uploads\/2025\/04\/IMG_4479-1024x531.jpg 1024w, https:\/\/willa-polanica.pl\/wp-content\/uploads\/2025\/04\/IMG_4479-300x156.jpg 300w, https:\/\/willa-polanica.pl\/wp-content\/uploads\/2025\/04\/IMG_4479-768x399.jpg 768w, https:\/\/willa-polanica.pl\/wp-content\/uploads\/2025\/04\/IMG_4479-1536x797.jpg 1536w, https:\/\/willa-polanica.pl\/wp-content\/uploads\/2025\/04\/IMG_4479-2048x1063.jpg 2048w\" sizes=\"auto, (max-width: 1024px) 100vw, 1024px\" \/><\/figure>\n<\/figure>\n\n\n\n<p><\/p>\n","protected":false},"excerpt":{"rendered":"<p>Pok\u00f3j dwuosobowy Do dyspozycji go\u015bci jest wygodne \u0142\u00f3\u017cko, telewizor jak r\u00f3wnie\u017c prywatna \u0142azienka z prysznicem. Z pokoju jest wyj\u015bcie na balkon z widokiem panoramicznym widokiem 1800 na ca\u0142\u0105 okolic\u0119. Willa Polanica to pensjonat po\u0142o\u017cony blisko centrum kurortu, zaledwie kilka krok\u00f3w od najwa\u017cniejszych atrakcji Polanicy-Zdroju. To doskona\u0142a baza wypadowa na piesze wycieczki, relaks w parku czy [&hellip;]<\/p>\n","protected":false},"author":1,"featured_media":63,"parent":0,"menu_order":0,"comment_status":"closed","ping_status":"closed","template":"","meta":{"footnotes":""},"class_list":["post-62","page","type-page","status-publish","has-post-thumbnail","hentry"],"yoast_head":"<!-- This site is optimized with the Yoast SEO plugin v25.4 - https:\/\/yoast.com\/wordpress\/plugins\/seo\/ -->\n<title>Pok\u00f3j 3 - Willa Polanica<\/title>\n<meta name=\"description\" content=\"Zarezerwuj komfortowy pok\u00f3j dwuosobowy w Villa Polanica. Stylowe wn\u0119trze, w\u0142asna \u0142azienka, doskona\u0142a lokalizacja w Polanicy-Zdroju.\" \/>\n<meta name=\"robots\" content=\"index, follow, max-snippet:-1, max-image-preview:large, max-video-preview:-1\" \/>\n<link rel=\"canonical\" href=\"https:\/\/willa-polanica.pl\/index.php\/pokoj-3-villa-polanica-pokoj-dwuosobowy\/\" \/>\n<meta property=\"og:locale\" content=\"pl_PL\" \/>\n<meta property=\"og:type\" content=\"article\" \/>\n<meta property=\"og:title\" content=\"Pok\u00f3j 3 - Willa Polanica\" \/>\n<meta property=\"og:description\" content=\"Zarezerwuj komfortowy pok\u00f3j dwuosobowy w Villa Polanica. Stylowe wn\u0119trze, w\u0142asna \u0142azienka, doskona\u0142a lokalizacja w Polanicy-Zdroju.\" \/>\n<meta property=\"og:url\" content=\"https:\/\/willa-polanica.pl\/index.php\/pokoj-3-villa-polanica-pokoj-dwuosobowy\/\" \/>\n<meta property=\"og:site_name\" content=\"Willa Polanica\" \/>\n<meta property=\"article:publisher\" content=\"https:\/\/www.facebook.com\/profile.php?id=61577378618566\" \/>\n<meta property=\"article:modified_time\" content=\"2025-07-14T13:38:31+00:00\" \/>\n<meta property=\"og:image\" content=\"https:\/\/willa-polanica.pl\/wp-content\/uploads\/2025\/04\/IMG_1531-1-scaled.jpg\" \/>\n\t<meta property=\"og:image:width\" content=\"2560\" \/>\n\t<meta property=\"og:image:height\" content=\"1920\" \/>\n\t<meta property=\"og:image:type\" content=\"image\/jpeg\" \/>\n<meta name=\"twitter:card\" content=\"summary_large_image\" \/>\n<meta name=\"twitter:label1\" content=\"Szacowany czas czytania\" \/>\n\t<meta name=\"twitter:data1\" content=\"3 minuty\" \/>\n<script type=\"application\/ld+json\" class=\"yoast-schema-graph\">{\"@context\":\"https:\/\/schema.org\",\"@graph\":[{\"@type\":\"WebPage\",\"@id\":\"https:\/\/willa-polanica.pl\/index.php\/pokoj-3-villa-polanica-pokoj-dwuosobowy\/\",\"url\":\"https:\/\/willa-polanica.pl\/index.php\/pokoj-3-villa-polanica-pokoj-dwuosobowy\/\",\"name\":\"Pok\u00f3j 3 - Willa Polanica\",\"isPartOf\":{\"@id\":\"https:\/\/willa-polanica.pl\/#website\"},\"primaryImageOfPage\":{\"@id\":\"https:\/\/willa-polanica.pl\/index.php\/pokoj-3-villa-polanica-pokoj-dwuosobowy\/#primaryimage\"},\"image\":{\"@id\":\"https:\/\/willa-polanica.pl\/index.php\/pokoj-3-villa-polanica-pokoj-dwuosobowy\/#primaryimage\"},\"thumbnailUrl\":\"https:\/\/willa-polanica.pl\/wp-content\/uploads\/2025\/04\/IMG_1531-1-scaled.jpg\",\"datePublished\":\"2025-04-21T20:33:37+00:00\",\"dateModified\":\"2025-07-14T13:38:31+00:00\",\"description\":\"Zarezerwuj komfortowy pok\u00f3j dwuosobowy w Villa Polanica. Stylowe wn\u0119trze, w\u0142asna \u0142azienka, doskona\u0142a lokalizacja w Polanicy-Zdroju.\",\"breadcrumb\":{\"@id\":\"https:\/\/willa-polanica.pl\/index.php\/pokoj-3-villa-polanica-pokoj-dwuosobowy\/#breadcrumb\"},\"inLanguage\":\"pl-PL\",\"potentialAction\":[{\"@type\":\"ReadAction\",\"target\":[\"https:\/\/willa-polanica.pl\/index.php\/pokoj-3-villa-polanica-pokoj-dwuosobowy\/\"]}]},{\"@type\":\"ImageObject\",\"inLanguage\":\"pl-PL\",\"@id\":\"https:\/\/willa-polanica.pl\/index.php\/pokoj-3-villa-polanica-pokoj-dwuosobowy\/#primaryimage\",\"url\":\"https:\/\/willa-polanica.pl\/wp-content\/uploads\/2025\/04\/IMG_1531-1-scaled.jpg\",\"contentUrl\":\"https:\/\/willa-polanica.pl\/wp-content\/uploads\/2025\/04\/IMG_1531-1-scaled.jpg\",\"width\":2560,\"height\":1920},{\"@type\":\"BreadcrumbList\",\"@id\":\"https:\/\/willa-polanica.pl\/index.php\/pokoj-3-villa-polanica-pokoj-dwuosobowy\/#breadcrumb\",\"itemListElement\":[{\"@type\":\"ListItem\",\"position\":1,\"name\":\"Strona g\u0142\u00f3wna\",\"item\":\"https:\/\/willa-polanica.pl\/\"},{\"@type\":\"ListItem\",\"position\":2,\"name\":\"Noclegi Polanica Zdr\u00f3j, nocowanie Polanica, pensjonat, kwatery prywatne booking Polanica Zdr\u00f3j, apartamenty, Villa Polanica, tanie noclegi, rezerwacje, pokoje, turysta, wakacje, polecane noclegi, tani nocleg, g\u00f3ry Sto\u0142owe, Kotlina K\u0142odzka\"}]},{\"@type\":\"WebSite\",\"@id\":\"https:\/\/willa-polanica.pl\/#website\",\"url\":\"https:\/\/willa-polanica.pl\/\",\"name\":\"Willa Polanica\",\"description\":\"Odpocznij w zaciszu lasu zaledwie 10 min spacerem od deptaku\",\"publisher\":{\"@id\":\"https:\/\/willa-polanica.pl\/#organization\"},\"alternateName\":\"Nocowanie Polanica Zdr\u00f3j\",\"potentialAction\":[{\"@type\":\"SearchAction\",\"target\":{\"@type\":\"EntryPoint\",\"urlTemplate\":\"https:\/\/willa-polanica.pl\/?s={search_term_string}\"},\"query-input\":{\"@type\":\"PropertyValueSpecification\",\"valueRequired\":true,\"valueName\":\"search_term_string\"}}],\"inLanguage\":\"pl-PL\"},{\"@type\":\"Organization\",\"@id\":\"https:\/\/willa-polanica.pl\/#organization\",\"name\":\"Willa Polanica\",\"alternateName\":\"Nocowanie Polanica Zdr\u00f3j\",\"url\":\"https:\/\/willa-polanica.pl\/\",\"logo\":{\"@type\":\"ImageObject\",\"inLanguage\":\"pl-PL\",\"@id\":\"https:\/\/willa-polanica.pl\/#\/schema\/logo\/image\/\",\"url\":\"https:\/\/willa-polanica.pl\/wp-content\/uploads\/2025\/04\/ChatGPT-Image-26-kwi-2025-08_20_59-1-1-1.png\",\"contentUrl\":\"https:\/\/willa-polanica.pl\/wp-content\/uploads\/2025\/04\/ChatGPT-Image-26-kwi-2025-08_20_59-1-1-1.png\",\"width\":1536,\"height\":1024,\"caption\":\"Willa Polanica\"},\"image\":{\"@id\":\"https:\/\/willa-polanica.pl\/#\/schema\/logo\/image\/\"},\"sameAs\":[\"https:\/\/www.facebook.com\/profile.php?id=61577378618566\"]}]}<\/script>\n<!-- \/ Yoast SEO plugin. -->","yoast_head_json":{"title":"Pok\u00f3j 3 - Willa Polanica","description":"Zarezerwuj komfortowy pok\u00f3j dwuosobowy w Villa Polanica. Stylowe wn\u0119trze, w\u0142asna \u0142azienka, doskona\u0142a lokalizacja w Polanicy-Zdroju.","robots":{"index":"index","follow":"follow","max-snippet":"max-snippet:-1","max-image-preview":"max-image-preview:large","max-video-preview":"max-video-preview:-1"},"canonical":"https:\/\/willa-polanica.pl\/index.php\/pokoj-3-villa-polanica-pokoj-dwuosobowy\/","og_locale":"pl_PL","og_type":"article","og_title":"Pok\u00f3j 3 - Willa Polanica","og_description":"Zarezerwuj komfortowy pok\u00f3j dwuosobowy w Villa Polanica. Stylowe wn\u0119trze, w\u0142asna \u0142azienka, doskona\u0142a lokalizacja w Polanicy-Zdroju.","og_url":"https:\/\/willa-polanica.pl\/index.php\/pokoj-3-villa-polanica-pokoj-dwuosobowy\/","og_site_name":"Willa Polanica","article_publisher":"https:\/\/www.facebook.com\/profile.php?id=61577378618566","article_modified_time":"2025-07-14T13:38:31+00:00","og_image":[{"width":2560,"height":1920,"url":"https:\/\/willa-polanica.pl\/wp-content\/uploads\/2025\/04\/IMG_1531-1-scaled.jpg","type":"image\/jpeg"}],"twitter_card":"summary_large_image","twitter_misc":{"Szacowany czas czytania":"3 minuty"},"schema":{"@context":"https:\/\/schema.org","@graph":[{"@type":"WebPage","@id":"https:\/\/willa-polanica.pl\/index.php\/pokoj-3-villa-polanica-pokoj-dwuosobowy\/","url":"https:\/\/willa-polanica.pl\/index.php\/pokoj-3-villa-polanica-pokoj-dwuosobowy\/","name":"Pok\u00f3j 3 - Willa Polanica","isPartOf":{"@id":"https:\/\/willa-polanica.pl\/#website"},"primaryImageOfPage":{"@id":"https:\/\/willa-polanica.pl\/index.php\/pokoj-3-villa-polanica-pokoj-dwuosobowy\/#primaryimage"},"image":{"@id":"https:\/\/willa-polanica.pl\/index.php\/pokoj-3-villa-polanica-pokoj-dwuosobowy\/#primaryimage"},"thumbnailUrl":"https:\/\/willa-polanica.pl\/wp-content\/uploads\/2025\/04\/IMG_1531-1-scaled.jpg","datePublished":"2025-04-21T20:33:37+00:00","dateModified":"2025-07-14T13:38:31+00:00","description":"Zarezerwuj komfortowy pok\u00f3j dwuosobowy w Villa Polanica. Stylowe wn\u0119trze, w\u0142asna \u0142azienka, doskona\u0142a lokalizacja w Polanicy-Zdroju.","breadcrumb":{"@id":"https:\/\/willa-polanica.pl\/index.php\/pokoj-3-villa-polanica-pokoj-dwuosobowy\/#breadcrumb"},"inLanguage":"pl-PL","potentialAction":[{"@type":"ReadAction","target":["https:\/\/willa-polanica.pl\/index.php\/pokoj-3-villa-polanica-pokoj-dwuosobowy\/"]}]},{"@type":"ImageObject","inLanguage":"pl-PL","@id":"https:\/\/willa-polanica.pl\/index.php\/pokoj-3-villa-polanica-pokoj-dwuosobowy\/#primaryimage","url":"https:\/\/willa-polanica.pl\/wp-content\/uploads\/2025\/04\/IMG_1531-1-scaled.jpg","contentUrl":"https:\/\/willa-polanica.pl\/wp-content\/uploads\/2025\/04\/IMG_1531-1-scaled.jpg","width":2560,"height":1920},{"@type":"BreadcrumbList","@id":"https:\/\/willa-polanica.pl\/index.php\/pokoj-3-villa-polanica-pokoj-dwuosobowy\/#breadcrumb","itemListElement":[{"@type":"ListItem","position":1,"name":"Strona g\u0142\u00f3wna","item":"https:\/\/willa-polanica.pl\/"},{"@type":"ListItem","position":2,"name":"Noclegi Polanica Zdr\u00f3j, nocowanie Polanica, pensjonat, kwatery prywatne booking Polanica Zdr\u00f3j, apartamenty, Villa Polanica, tanie noclegi, rezerwacje, pokoje, turysta, wakacje, polecane noclegi, tani nocleg, g\u00f3ry Sto\u0142owe, Kotlina K\u0142odzka"}]},{"@type":"WebSite","@id":"https:\/\/willa-polanica.pl\/#website","url":"https:\/\/willa-polanica.pl\/","name":"Willa Polanica","description":"Odpocznij w zaciszu lasu zaledwie 10 min spacerem od deptaku","publisher":{"@id":"https:\/\/willa-polanica.pl\/#organization"},"alternateName":"Nocowanie Polanica Zdr\u00f3j","potentialAction":[{"@type":"SearchAction","target":{"@type":"EntryPoint","urlTemplate":"https:\/\/willa-polanica.pl\/?s={search_term_string}"},"query-input":{"@type":"PropertyValueSpecification","valueRequired":true,"valueName":"search_term_string"}}],"inLanguage":"pl-PL"},{"@type":"Organization","@id":"https:\/\/willa-polanica.pl\/#organization","name":"Willa Polanica","alternateName":"Nocowanie Polanica Zdr\u00f3j","url":"https:\/\/willa-polanica.pl\/","logo":{"@type":"ImageObject","inLanguage":"pl-PL","@id":"https:\/\/willa-polanica.pl\/#\/schema\/logo\/image\/","url":"https:\/\/willa-polanica.pl\/wp-content\/uploads\/2025\/04\/ChatGPT-Image-26-kwi-2025-08_20_59-1-1-1.png","contentUrl":"https:\/\/willa-polanica.pl\/wp-content\/uploads\/2025\/04\/ChatGPT-Image-26-kwi-2025-08_20_59-1-1-1.png","width":1536,"height":1024,"caption":"Willa Polanica"},"image":{"@id":"https:\/\/willa-polanica.pl\/#\/schema\/logo\/image\/"},"sameAs":["https:\/\/www.facebook.com\/profile.php?id=61577378618566"]}]}},"_links":{"self":[{"href":"https:\/\/willa-polanica.pl\/index.php\/wp-json\/wp\/v2\/pages\/62","targetHints":{"allow":["GET"]}}],"collection":[{"href":"https:\/\/willa-polanica.pl\/index.php\/wp-json\/wp\/v2\/pages"}],"about":[{"href":"https:\/\/willa-polanica.pl\/index.php\/wp-json\/wp\/v2\/types\/page"}],"author":[{"embeddable":true,"href":"https:\/\/willa-polanica.pl\/index.php\/wp-json\/wp\/v2\/users\/1"}],"replies":[{"embeddable":true,"href":"https:\/\/willa-polanica.pl\/index.php\/wp-json\/wp\/v2\/comments?post=62"}],"version-history":[{"count":6,"href":"https:\/\/willa-polanica.pl\/index.php\/wp-json\/wp\/v2\/pages\/62\/revisions"}],"predecessor-version":[{"id":621,"href":"https:\/\/willa-polanica.pl\/index.php\/wp-json\/wp\/v2\/pages\/62\/revisions\/621"}],"wp:featuredmedia":[{"embeddable":true,"href":"https:\/\/willa-polanica.pl\/index.php\/wp-json\/wp\/v2\/media\/63"}],"wp:attachment":[{"href":"https:\/\/willa-polanica.pl\/index.php\/wp-json\/wp\/v2\/media?parent=62"}],"curies":[{"name":"wp","href":"https:\/\/api.w.org\/{rel}","templated":true}]}}