{"id":70,"date":"2025-04-21T22:34:05","date_gmt":"2025-04-21T20:34:05","guid":{"rendered":"https:\/\/willa-polanica.pl\/\/?page_id=70"},"modified":"2025-07-14T15:39:03","modified_gmt":"2025-07-14T13:39:03","slug":"pokoj-4-villa-polanica","status":"publish","type":"page","link":"https:\/\/willa-polanica.pl\/index.php\/pokoj-4-villa-polanica\/","title":{"rendered":"Pok\u00f3j 4"},"content":{"rendered":"\n<h2 class=\"wp-block-heading\">Przestronny pok\u00f3j rodzinny 3-5 osobowy<\/h2>\n\n\n\n<p><strong>Pok\u00f3j 3-5 osobowy w Willi Polanica<\/strong> to idealna propozycja dla rodzin z dzie\u0107mi, grup przyjaci\u00f3\u0142 oraz go\u015bci podr\u00f3\u017cuj\u0105cych wsp\u00f3lnie. Przestronne wn\u0119trze urz\u0105dzone w jasnych, eleganckich barwach zapewnia wygod\u0119 i relaks po dniu pe\u0142nym atrakcji w Polanicy-Zdroju.<\/p>\n\n\n\n<p>Do dyspozycji go\u015bci znajduj\u0105 si\u0119 <strong> komfortowe miejsca noclegowe<\/strong>. W pokoju znajduje si\u0119 r\u00f3wnie\u017c <strong>prywatna \u0142azienka z prysznicem<\/strong>. Pok\u00f3j<strong> z widokiem na las<\/strong>. <\/p>\n\n\n\n<p><strong>Willa Polanica<\/strong> to pensjonat po\u0142o\u017cony w samym sercu kurortu, zaledwie kilka krok\u00f3w od najwa\u017cniejszych atrakcji Polanicy-Zdroju. To doskona\u0142a baza wypadowa na rodzinne wakacje, weekendowy relaks czy aktywny wypoczynek w Kotlinie K\u0142odzkiej.<\/p>\n\n\n\n<p> Szczeg\u00f3\u0142y dotycz\u0105ce wyposa\u017cenia i udogodnie\u0144 znajdziesz na stronie <a href=\"https:\/\/willa-polanica.pl\/index.php\/wazne-informacje-villa-polanica\/\" target=\"_blank\" rel=\"noreferrer noopener\">Wa\u017cne informacje<\/a>.<\/p>\n\n\n\n<figure class=\"wp-block-image alignfull size-large has-custom-border\" style=\"padding-top:var(--wp--preset--spacing--20);padding-right:var(--wp--preset--spacing--20);padding-bottom:var(--wp--preset--spacing--20);padding-left:var(--wp--preset--spacing--20)\"><img loading=\"lazy\" decoding=\"async\" width=\"1024\" height=\"768\" src=\"https:\/\/willa-polanica.pl\/\/wp-content\/uploads\/2025\/04\/IMG_1573-2-1024x768.jpg\" alt=\"Villa Polanica \u2013 Pok\u00f3j rodzinny 3-5 osobowy\" class=\"has-border-color has-border-color-border-color wp-image-79\" style=\"border-width:2px;border-radius:15px\" srcset=\"https:\/\/willa-polanica.pl\/wp-content\/uploads\/2025\/04\/IMG_1573-2-1024x768.jpg 1024w, https:\/\/willa-polanica.pl\/wp-content\/uploads\/2025\/04\/IMG_1573-2-300x225.jpg 300w, https:\/\/willa-polanica.pl\/wp-content\/uploads\/2025\/04\/IMG_1573-2-768x576.jpg 768w, https:\/\/willa-polanica.pl\/wp-content\/uploads\/2025\/04\/IMG_1573-2-1536x1152.jpg 1536w, https:\/\/willa-polanica.pl\/wp-content\/uploads\/2025\/04\/IMG_1573-2-2048x1536.jpg 2048w\" sizes=\"auto, (max-width: 1024px) 100vw, 1024px\" \/><\/figure>\n\n\n\n<figure class=\"wp-block-gallery has-nested-images columns-default is-cropped wp-block-gallery-1 is-layout-flex wp-block-gallery-is-layout-flex\">\n<figure class=\"wp-block-image aligncenter size-large has-custom-border\" style=\"padding-top:var(--wp--preset--spacing--20);padding-right:var(--wp--preset--spacing--20);padding-bottom:var(--wp--preset--spacing--20);padding-left:var(--wp--preset--spacing--20)\"><img loading=\"lazy\" decoding=\"async\" width=\"1024\" height=\"768\" data-id=\"73\" src=\"https:\/\/willa-polanica.pl\/\/wp-content\/uploads\/2025\/04\/IMG_1577-1024x768.jpg\" alt=\"Villa Polanica \u2013 Pok\u00f3j rodzinny 3-5 osobowy ; Villa Polanica \u2013 Pok\u00f3j dla rodzin\" class=\"has-border-color has-border-color-border-color wp-image-73\" style=\"border-width:2px;border-radius:15px\" srcset=\"https:\/\/willa-polanica.pl\/wp-content\/uploads\/2025\/04\/IMG_1577-1024x768.jpg 1024w, https:\/\/willa-polanica.pl\/wp-content\/uploads\/2025\/04\/IMG_1577-300x225.jpg 300w, https:\/\/willa-polanica.pl\/wp-content\/uploads\/2025\/04\/IMG_1577-768x576.jpg 768w, https:\/\/willa-polanica.pl\/wp-content\/uploads\/2025\/04\/IMG_1577-1536x1152.jpg 1536w, https:\/\/willa-polanica.pl\/wp-content\/uploads\/2025\/04\/IMG_1577-2048x1536.jpg 2048w\" sizes=\"auto, (max-width: 1024px) 100vw, 1024px\" \/><\/figure>\n\n\n\n<figure class=\"wp-block-image aligncenter size-large has-custom-border\" style=\"padding-top:var(--wp--preset--spacing--20);padding-right:var(--wp--preset--spacing--20);padding-bottom:var(--wp--preset--spacing--20);padding-left:var(--wp--preset--spacing--20)\"><img loading=\"lazy\" decoding=\"async\" width=\"1024\" height=\"768\" data-id=\"74\" src=\"https:\/\/willa-polanica.pl\/\/wp-content\/uploads\/2025\/04\/IMG_1573-1-1024x768.jpg\" alt=\"Villa Polanica \u2013 Pok\u00f3j rodzinny 3-5 osobowy z \u0142azienk\u0105\" class=\"has-border-color has-border-color-border-color wp-image-74\" style=\"border-width:2px;border-radius:15px\" srcset=\"https:\/\/willa-polanica.pl\/wp-content\/uploads\/2025\/04\/IMG_1573-1-1024x768.jpg 1024w, https:\/\/willa-polanica.pl\/wp-content\/uploads\/2025\/04\/IMG_1573-1-300x225.jpg 300w, https:\/\/willa-polanica.pl\/wp-content\/uploads\/2025\/04\/IMG_1573-1-768x576.jpg 768w, https:\/\/willa-polanica.pl\/wp-content\/uploads\/2025\/04\/IMG_1573-1-1536x1152.jpg 1536w, https:\/\/willa-polanica.pl\/wp-content\/uploads\/2025\/04\/IMG_1573-1-2048x1536.jpg 2048w\" sizes=\"auto, (max-width: 1024px) 100vw, 1024px\" \/><\/figure>\n\n\n\n<figure class=\"wp-block-image aligncenter size-large has-custom-border\" style=\"padding-top:var(--wp--preset--spacing--20);padding-right:var(--wp--preset--spacing--20);padding-bottom:var(--wp--preset--spacing--20);padding-left:var(--wp--preset--spacing--20)\"><img loading=\"lazy\" decoding=\"async\" width=\"1024\" height=\"768\" data-id=\"75\" src=\"https:\/\/willa-polanica.pl\/\/wp-content\/uploads\/2025\/04\/IMG_1576-1024x768.jpg\" alt=\"\" class=\"has-border-color has-border-color-border-color wp-image-75\" style=\"border-width:2px;border-radius:15px\" srcset=\"https:\/\/willa-polanica.pl\/wp-content\/uploads\/2025\/04\/IMG_1576-1024x768.jpg 1024w, https:\/\/willa-polanica.pl\/wp-content\/uploads\/2025\/04\/IMG_1576-300x225.jpg 300w, https:\/\/willa-polanica.pl\/wp-content\/uploads\/2025\/04\/IMG_1576-768x576.jpg 768w, https:\/\/willa-polanica.pl\/wp-content\/uploads\/2025\/04\/IMG_1576-1536x1152.jpg 1536w, https:\/\/willa-polanica.pl\/wp-content\/uploads\/2025\/04\/IMG_1576-2048x1536.jpg 2048w\" sizes=\"auto, (max-width: 1024px) 100vw, 1024px\" \/><\/figure>\n\n\n\n<figure class=\"wp-block-image aligncenter size-large has-custom-border\" style=\"padding-top:var(--wp--preset--spacing--20);padding-right:var(--wp--preset--spacing--20);padding-bottom:var(--wp--preset--spacing--20);padding-left:var(--wp--preset--spacing--20)\"><img loading=\"lazy\" decoding=\"async\" width=\"768\" height=\"1024\" data-id=\"76\" src=\"https:\/\/willa-polanica.pl\/\/wp-content\/uploads\/2025\/04\/IMG_1590-768x1024.jpg\" alt=\"\" class=\"has-border-color has-border-color-border-color wp-image-76\" style=\"border-width:2px;border-radius:15px\" srcset=\"https:\/\/willa-polanica.pl\/wp-content\/uploads\/2025\/04\/IMG_1590-768x1024.jpg 768w, https:\/\/willa-polanica.pl\/wp-content\/uploads\/2025\/04\/IMG_1590-225x300.jpg 225w, https:\/\/willa-polanica.pl\/wp-content\/uploads\/2025\/04\/IMG_1590-1152x1536.jpg 1152w, https:\/\/willa-polanica.pl\/wp-content\/uploads\/2025\/04\/IMG_1590-1536x2048.jpg 1536w, https:\/\/willa-polanica.pl\/wp-content\/uploads\/2025\/04\/IMG_1590-scaled.jpg 1920w\" sizes=\"auto, (max-width: 768px) 100vw, 768px\" \/><\/figure>\n\n\n\n<figure class=\"wp-block-image aligncenter size-large has-custom-border\" style=\"padding-top:var(--wp--preset--spacing--20);padding-right:var(--wp--preset--spacing--20);padding-bottom:var(--wp--preset--spacing--20);padding-left:var(--wp--preset--spacing--20)\"><img loading=\"lazy\" decoding=\"async\" width=\"1024\" height=\"768\" data-id=\"71\" src=\"https:\/\/willa-polanica.pl\/\/wp-content\/uploads\/2025\/04\/IMG_4176-1024x768.jpg\" alt=\"\" class=\"has-border-color has-border-color-border-color wp-image-71\" style=\"border-width:2px;border-radius:15px\" srcset=\"https:\/\/willa-polanica.pl\/wp-content\/uploads\/2025\/04\/IMG_4176-1024x768.jpg 1024w, https:\/\/willa-polanica.pl\/wp-content\/uploads\/2025\/04\/IMG_4176-300x225.jpg 300w, https:\/\/willa-polanica.pl\/wp-content\/uploads\/2025\/04\/IMG_4176-768x576.jpg 768w, https:\/\/willa-polanica.pl\/wp-content\/uploads\/2025\/04\/IMG_4176-1536x1152.jpg 1536w, https:\/\/willa-polanica.pl\/wp-content\/uploads\/2025\/04\/IMG_4176-2048x1536.jpg 2048w\" sizes=\"auto, (max-width: 1024px) 100vw, 1024px\" \/><\/figure>\n\n\n\n<figure class=\"wp-block-image aligncenter size-large has-custom-border\" style=\"padding-top:var(--wp--preset--spacing--20);padding-right:var(--wp--preset--spacing--20);padding-bottom:var(--wp--preset--spacing--20);padding-left:var(--wp--preset--spacing--20)\"><img loading=\"lazy\" decoding=\"async\" width=\"1024\" height=\"768\" data-id=\"72\" src=\"https:\/\/willa-polanica.pl\/\/wp-content\/uploads\/2025\/04\/IMG_4183-1024x768.jpg\" alt=\"\" class=\"has-border-color has-border-color-border-color wp-image-72\" style=\"border-width:2px;border-radius:15px\" srcset=\"https:\/\/willa-polanica.pl\/wp-content\/uploads\/2025\/04\/IMG_4183-1024x768.jpg 1024w, https:\/\/willa-polanica.pl\/wp-content\/uploads\/2025\/04\/IMG_4183-300x225.jpg 300w, https:\/\/willa-polanica.pl\/wp-content\/uploads\/2025\/04\/IMG_4183-768x576.jpg 768w, https:\/\/willa-polanica.pl\/wp-content\/uploads\/2025\/04\/IMG_4183-1536x1152.jpg 1536w, https:\/\/willa-polanica.pl\/wp-content\/uploads\/2025\/04\/IMG_4183-2048x1536.jpg 2048w\" sizes=\"auto, (max-width: 1024px) 100vw, 1024px\" \/><\/figure>\n<\/figure>\n","protected":false},"excerpt":{"rendered":"<p>Przestronny pok\u00f3j rodzinny 3-5 osobowy Pok\u00f3j 3-5 osobowy w Willi Polanica to idealna propozycja dla rodzin z dzie\u0107mi, grup przyjaci\u00f3\u0142 oraz go\u015bci podr\u00f3\u017cuj\u0105cych wsp\u00f3lnie. Przestronne wn\u0119trze urz\u0105dzone w jasnych, eleganckich barwach zapewnia wygod\u0119 i relaks po dniu pe\u0142nym atrakcji w Polanicy-Zdroju. Do dyspozycji go\u015bci znajduj\u0105 si\u0119 komfortowe miejsca noclegowe. W pokoju znajduje si\u0119 r\u00f3wnie\u017c prywatna [&hellip;]<\/p>\n","protected":false},"author":1,"featured_media":79,"parent":0,"menu_order":0,"comment_status":"closed","ping_status":"closed","template":"","meta":{"footnotes":""},"class_list":["post-70","page","type-page","status-publish","has-post-thumbnail","hentry"],"yoast_head":"<!-- This site is optimized with the Yoast SEO plugin v25.4 - https:\/\/yoast.com\/wordpress\/plugins\/seo\/ -->\n<title>Pok\u00f3j 4 - Willa Polanica<\/title>\n<meta name=\"description\" content=\"Zarezerwuj przestronny pok\u00f3j rodzinny w Villa Polanica. Komfort i styl w Polanicy-Zdroju. Idealny dla rodzin i grup znajomych.\" \/>\n<meta name=\"robots\" content=\"index, follow, max-snippet:-1, max-image-preview:large, max-video-preview:-1\" \/>\n<link rel=\"canonical\" href=\"https:\/\/willa-polanica.pl\/index.php\/pokoj-4-villa-polanica\/\" \/>\n<meta property=\"og:locale\" content=\"pl_PL\" \/>\n<meta property=\"og:type\" content=\"article\" \/>\n<meta property=\"og:title\" content=\"Pok\u00f3j 4 - Willa Polanica\" \/>\n<meta property=\"og:description\" content=\"Zarezerwuj przestronny pok\u00f3j rodzinny w Villa Polanica. Komfort i styl w Polanicy-Zdroju. Idealny dla rodzin i grup znajomych.\" \/>\n<meta property=\"og:url\" content=\"https:\/\/willa-polanica.pl\/index.php\/pokoj-4-villa-polanica\/\" \/>\n<meta property=\"og:site_name\" content=\"Willa Polanica\" \/>\n<meta property=\"article:publisher\" content=\"https:\/\/www.facebook.com\/profile.php?id=61577378618566\" \/>\n<meta property=\"article:modified_time\" content=\"2025-07-14T13:39:03+00:00\" \/>\n<meta property=\"og:image\" content=\"https:\/\/willa-polanica.pl\/wp-content\/uploads\/2025\/04\/IMG_1573-2-scaled.jpg\" \/>\n\t<meta property=\"og:image:width\" content=\"2560\" \/>\n\t<meta property=\"og:image:height\" content=\"1920\" \/>\n\t<meta property=\"og:image:type\" content=\"image\/jpeg\" \/>\n<meta name=\"twitter:card\" content=\"summary_large_image\" \/>\n<meta name=\"twitter:label1\" content=\"Szacowany czas czytania\" \/>\n\t<meta name=\"twitter:data1\" content=\"3 minuty\" \/>\n<script type=\"application\/ld+json\" class=\"yoast-schema-graph\">{\"@context\":\"https:\/\/schema.org\",\"@graph\":[{\"@type\":\"WebPage\",\"@id\":\"https:\/\/willa-polanica.pl\/index.php\/pokoj-4-villa-polanica\/\",\"url\":\"https:\/\/willa-polanica.pl\/index.php\/pokoj-4-villa-polanica\/\",\"name\":\"Pok\u00f3j 4 - Willa Polanica\",\"isPartOf\":{\"@id\":\"https:\/\/willa-polanica.pl\/#website\"},\"primaryImageOfPage\":{\"@id\":\"https:\/\/willa-polanica.pl\/index.php\/pokoj-4-villa-polanica\/#primaryimage\"},\"image\":{\"@id\":\"https:\/\/willa-polanica.pl\/index.php\/pokoj-4-villa-polanica\/#primaryimage\"},\"thumbnailUrl\":\"https:\/\/willa-polanica.pl\/wp-content\/uploads\/2025\/04\/IMG_1573-2-scaled.jpg\",\"datePublished\":\"2025-04-21T20:34:05+00:00\",\"dateModified\":\"2025-07-14T13:39:03+00:00\",\"description\":\"Zarezerwuj przestronny pok\u00f3j rodzinny w Villa Polanica. Komfort i styl w Polanicy-Zdroju. Idealny dla rodzin i grup znajomych.\",\"breadcrumb\":{\"@id\":\"https:\/\/willa-polanica.pl\/index.php\/pokoj-4-villa-polanica\/#breadcrumb\"},\"inLanguage\":\"pl-PL\",\"potentialAction\":[{\"@type\":\"ReadAction\",\"target\":[\"https:\/\/willa-polanica.pl\/index.php\/pokoj-4-villa-polanica\/\"]}]},{\"@type\":\"ImageObject\",\"inLanguage\":\"pl-PL\",\"@id\":\"https:\/\/willa-polanica.pl\/index.php\/pokoj-4-villa-polanica\/#primaryimage\",\"url\":\"https:\/\/willa-polanica.pl\/wp-content\/uploads\/2025\/04\/IMG_1573-2-scaled.jpg\",\"contentUrl\":\"https:\/\/willa-polanica.pl\/wp-content\/uploads\/2025\/04\/IMG_1573-2-scaled.jpg\",\"width\":2560,\"height\":1920},{\"@type\":\"BreadcrumbList\",\"@id\":\"https:\/\/willa-polanica.pl\/index.php\/pokoj-4-villa-polanica\/#breadcrumb\",\"itemListElement\":[{\"@type\":\"ListItem\",\"position\":1,\"name\":\"Strona g\u0142\u00f3wna\",\"item\":\"https:\/\/willa-polanica.pl\/\"},{\"@type\":\"ListItem\",\"position\":2,\"name\":\"Noclegi Polanica Zdr\u00f3j, nocowanie Polanica, pensjonat, kwatery prywatne booking Polanica Zdr\u00f3j, apartamenty, Villa Polanica, tanie noclegi, rezerwacje, pokoje, turysta, wakacje, polecane noclegi, tani nocleg, g\u00f3ry Sto\u0142owe, Kotlina K\u0142odzka\"}]},{\"@type\":\"WebSite\",\"@id\":\"https:\/\/willa-polanica.pl\/#website\",\"url\":\"https:\/\/willa-polanica.pl\/\",\"name\":\"Willa Polanica\",\"description\":\"Odpocznij w zaciszu lasu zaledwie 10 min spacerem od deptaku\",\"publisher\":{\"@id\":\"https:\/\/willa-polanica.pl\/#organization\"},\"alternateName\":\"Nocowanie Polanica Zdr\u00f3j\",\"potentialAction\":[{\"@type\":\"SearchAction\",\"target\":{\"@type\":\"EntryPoint\",\"urlTemplate\":\"https:\/\/willa-polanica.pl\/?s={search_term_string}\"},\"query-input\":{\"@type\":\"PropertyValueSpecification\",\"valueRequired\":true,\"valueName\":\"search_term_string\"}}],\"inLanguage\":\"pl-PL\"},{\"@type\":\"Organization\",\"@id\":\"https:\/\/willa-polanica.pl\/#organization\",\"name\":\"Willa Polanica\",\"alternateName\":\"Nocowanie Polanica Zdr\u00f3j\",\"url\":\"https:\/\/willa-polanica.pl\/\",\"logo\":{\"@type\":\"ImageObject\",\"inLanguage\":\"pl-PL\",\"@id\":\"https:\/\/willa-polanica.pl\/#\/schema\/logo\/image\/\",\"url\":\"https:\/\/willa-polanica.pl\/wp-content\/uploads\/2025\/04\/ChatGPT-Image-26-kwi-2025-08_20_59-1-1-1.png\",\"contentUrl\":\"https:\/\/willa-polanica.pl\/wp-content\/uploads\/2025\/04\/ChatGPT-Image-26-kwi-2025-08_20_59-1-1-1.png\",\"width\":1536,\"height\":1024,\"caption\":\"Willa Polanica\"},\"image\":{\"@id\":\"https:\/\/willa-polanica.pl\/#\/schema\/logo\/image\/\"},\"sameAs\":[\"https:\/\/www.facebook.com\/profile.php?id=61577378618566\"]}]}<\/script>\n<!-- \/ Yoast SEO plugin. -->","yoast_head_json":{"title":"Pok\u00f3j 4 - Willa Polanica","description":"Zarezerwuj przestronny pok\u00f3j rodzinny w Villa Polanica. Komfort i styl w Polanicy-Zdroju. Idealny dla rodzin i grup znajomych.","robots":{"index":"index","follow":"follow","max-snippet":"max-snippet:-1","max-image-preview":"max-image-preview:large","max-video-preview":"max-video-preview:-1"},"canonical":"https:\/\/willa-polanica.pl\/index.php\/pokoj-4-villa-polanica\/","og_locale":"pl_PL","og_type":"article","og_title":"Pok\u00f3j 4 - Willa Polanica","og_description":"Zarezerwuj przestronny pok\u00f3j rodzinny w Villa Polanica. Komfort i styl w Polanicy-Zdroju. Idealny dla rodzin i grup znajomych.","og_url":"https:\/\/willa-polanica.pl\/index.php\/pokoj-4-villa-polanica\/","og_site_name":"Willa Polanica","article_publisher":"https:\/\/www.facebook.com\/profile.php?id=61577378618566","article_modified_time":"2025-07-14T13:39:03+00:00","og_image":[{"width":2560,"height":1920,"url":"https:\/\/willa-polanica.pl\/wp-content\/uploads\/2025\/04\/IMG_1573-2-scaled.jpg","type":"image\/jpeg"}],"twitter_card":"summary_large_image","twitter_misc":{"Szacowany czas czytania":"3 minuty"},"schema":{"@context":"https:\/\/schema.org","@graph":[{"@type":"WebPage","@id":"https:\/\/willa-polanica.pl\/index.php\/pokoj-4-villa-polanica\/","url":"https:\/\/willa-polanica.pl\/index.php\/pokoj-4-villa-polanica\/","name":"Pok\u00f3j 4 - Willa Polanica","isPartOf":{"@id":"https:\/\/willa-polanica.pl\/#website"},"primaryImageOfPage":{"@id":"https:\/\/willa-polanica.pl\/index.php\/pokoj-4-villa-polanica\/#primaryimage"},"image":{"@id":"https:\/\/willa-polanica.pl\/index.php\/pokoj-4-villa-polanica\/#primaryimage"},"thumbnailUrl":"https:\/\/willa-polanica.pl\/wp-content\/uploads\/2025\/04\/IMG_1573-2-scaled.jpg","datePublished":"2025-04-21T20:34:05+00:00","dateModified":"2025-07-14T13:39:03+00:00","description":"Zarezerwuj przestronny pok\u00f3j rodzinny w Villa Polanica. Komfort i styl w Polanicy-Zdroju. Idealny dla rodzin i grup znajomych.","breadcrumb":{"@id":"https:\/\/willa-polanica.pl\/index.php\/pokoj-4-villa-polanica\/#breadcrumb"},"inLanguage":"pl-PL","potentialAction":[{"@type":"ReadAction","target":["https:\/\/willa-polanica.pl\/index.php\/pokoj-4-villa-polanica\/"]}]},{"@type":"ImageObject","inLanguage":"pl-PL","@id":"https:\/\/willa-polanica.pl\/index.php\/pokoj-4-villa-polanica\/#primaryimage","url":"https:\/\/willa-polanica.pl\/wp-content\/uploads\/2025\/04\/IMG_1573-2-scaled.jpg","contentUrl":"https:\/\/willa-polanica.pl\/wp-content\/uploads\/2025\/04\/IMG_1573-2-scaled.jpg","width":2560,"height":1920},{"@type":"BreadcrumbList","@id":"https:\/\/willa-polanica.pl\/index.php\/pokoj-4-villa-polanica\/#breadcrumb","itemListElement":[{"@type":"ListItem","position":1,"name":"Strona g\u0142\u00f3wna","item":"https:\/\/willa-polanica.pl\/"},{"@type":"ListItem","position":2,"name":"Noclegi Polanica Zdr\u00f3j, nocowanie Polanica, pensjonat, kwatery prywatne booking Polanica Zdr\u00f3j, apartamenty, Villa Polanica, tanie noclegi, rezerwacje, pokoje, turysta, wakacje, polecane noclegi, tani nocleg, g\u00f3ry Sto\u0142owe, Kotlina K\u0142odzka"}]},{"@type":"WebSite","@id":"https:\/\/willa-polanica.pl\/#website","url":"https:\/\/willa-polanica.pl\/","name":"Willa Polanica","description":"Odpocznij w zaciszu lasu zaledwie 10 min spacerem od deptaku","publisher":{"@id":"https:\/\/willa-polanica.pl\/#organization"},"alternateName":"Nocowanie Polanica Zdr\u00f3j","potentialAction":[{"@type":"SearchAction","target":{"@type":"EntryPoint","urlTemplate":"https:\/\/willa-polanica.pl\/?s={search_term_string}"},"query-input":{"@type":"PropertyValueSpecification","valueRequired":true,"valueName":"search_term_string"}}],"inLanguage":"pl-PL"},{"@type":"Organization","@id":"https:\/\/willa-polanica.pl\/#organization","name":"Willa Polanica","alternateName":"Nocowanie Polanica Zdr\u00f3j","url":"https:\/\/willa-polanica.pl\/","logo":{"@type":"ImageObject","inLanguage":"pl-PL","@id":"https:\/\/willa-polanica.pl\/#\/schema\/logo\/image\/","url":"https:\/\/willa-polanica.pl\/wp-content\/uploads\/2025\/04\/ChatGPT-Image-26-kwi-2025-08_20_59-1-1-1.png","contentUrl":"https:\/\/willa-polanica.pl\/wp-content\/uploads\/2025\/04\/ChatGPT-Image-26-kwi-2025-08_20_59-1-1-1.png","width":1536,"height":1024,"caption":"Willa Polanica"},"image":{"@id":"https:\/\/willa-polanica.pl\/#\/schema\/logo\/image\/"},"sameAs":["https:\/\/www.facebook.com\/profile.php?id=61577378618566"]}]}},"_links":{"self":[{"href":"https:\/\/willa-polanica.pl\/index.php\/wp-json\/wp\/v2\/pages\/70","targetHints":{"allow":["GET"]}}],"collection":[{"href":"https:\/\/willa-polanica.pl\/index.php\/wp-json\/wp\/v2\/pages"}],"about":[{"href":"https:\/\/willa-polanica.pl\/index.php\/wp-json\/wp\/v2\/types\/page"}],"author":[{"embeddable":true,"href":"https:\/\/willa-polanica.pl\/index.php\/wp-json\/wp\/v2\/users\/1"}],"replies":[{"embeddable":true,"href":"https:\/\/willa-polanica.pl\/index.php\/wp-json\/wp\/v2\/comments?post=70"}],"version-history":[{"count":4,"href":"https:\/\/willa-polanica.pl\/index.php\/wp-json\/wp\/v2\/pages\/70\/revisions"}],"predecessor-version":[{"id":626,"href":"https:\/\/willa-polanica.pl\/index.php\/wp-json\/wp\/v2\/pages\/70\/revisions\/626"}],"wp:featuredmedia":[{"embeddable":true,"href":"https:\/\/willa-polanica.pl\/index.php\/wp-json\/wp\/v2\/media\/79"}],"wp:attachment":[{"href":"https:\/\/willa-polanica.pl\/index.php\/wp-json\/wp\/v2\/media?parent=70"}],"curies":[{"name":"wp","href":"https:\/\/api.w.org\/{rel}","templated":true}]}}